{"id":1235,"date":"2015-02-09T08:53:40","date_gmt":"2015-02-09T07:53:40","guid":{"rendered":"http:\/\/www.jvp-krizevci.hr\/?page_id=1235"},"modified":"2015-02-09T08:57:30","modified_gmt":"2015-02-09T07:57:30","slug":"nabava-2015-godine","status":"publish","type":"page","link":"https:\/\/www.jvp-krizevci.hr\/?page_id=1235","title":{"rendered":"Nabava 2015. godine"},"content":{"rendered":"<p><a href=\"https:\/\/www.jvp-krizevci.hr\/wp-content\/uploads\/2015\/02\/Zaklju\u010dak-o-utvr\u0111ivanju-Plana-nabave-za-2015.-godinu.doc\">Zaklju\u010dak o utvr\u0111ivanju Plana nabave za 2015. godinu<\/a><\/p>\n<p><a href=\"https:\/\/www.jvp-krizevci.hr\/wp-content\/uploads\/2015\/02\/Plan-nabave-za-2015..xls\">Plan nabave za 2015.<\/a><\/p>\n<p><a href=\"https:\/\/www.jvp-krizevci.hr\/wp-content\/uploads\/2015\/02\/Obveze-iz-\u010dlanka-13.doc\">Obveze iz \u010dlanka 13<\/a><\/p>\n","protected":false},"excerpt":{"rendered":"<p>Zaklju\u010dak o utvr\u0111ivanju Plana nabave za 2015. godinu Plan nabave za 2015. Obveze iz \u010dlanka 13<\/p>\n","protected":false},"author":1,"featured_media":0,"parent":0,"menu_order":0,"comment_status":"closed","ping_status":"closed","template":"","meta":{"ngg_post_thumbnail":0,"footnotes":""},"class_list":["post-1235","page","type-page","status-publish","hentry"],"_links":{"self":[{"href":"https:\/\/www.jvp-krizevci.hr\/index.php?rest_route=\/wp\/v2\/pages\/1235","targetHints":{"allow":["GET"]}}],"collection":[{"href":"https:\/\/www.jvp-krizevci.hr\/index.php?rest_route=\/wp\/v2\/pages"}],"about":[{"href":"https:\/\/www.jvp-krizevci.hr\/index.php?rest_route=\/wp\/v2\/types\/page"}],"author":[{"embeddable":true,"href":"https:\/\/www.jvp-krizevci.hr\/index.php?rest_route=\/wp\/v2\/users\/1"}],"replies":[{"embeddable":true,"href":"https:\/\/www.jvp-krizevci.hr\/index.php?rest_route=%2Fwp%2Fv2%2Fcomments&post=1235"}],"version-history":[{"count":2,"href":"https:\/\/www.jvp-krizevci.hr\/index.php?rest_route=\/wp\/v2\/pages\/1235\/revisions"}],"predecessor-version":[{"id":1241,"href":"https:\/\/www.jvp-krizevci.hr\/index.php?rest_route=\/wp\/v2\/pages\/1235\/revisions\/1241"}],"wp:attachment":[{"href":"https:\/\/www.jvp-krizevci.hr\/index.php?rest_route=%2Fwp%2Fv2%2Fmedia&parent=1235"}],"curies":[{"name":"wp","href":"https:\/\/api.w.org\/{rel}","templated":true}]}}