{"id":1387,"date":"2016-03-09T08:37:58","date_gmt":"2016-03-09T07:37:58","guid":{"rendered":"http:\/\/www.jvp-krizevci.hr\/?page_id=1387"},"modified":"2017-01-11T14:56:05","modified_gmt":"2017-01-11T13:56:05","slug":"intervencije-2016-godine","status":"publish","type":"page","link":"https:\/\/www.jvp-krizevci.hr\/?page_id=1387","title":{"rendered":"Intervencije 2016. godine"},"content":{"rendered":"<p><a href=\"https:\/\/www.jvp-krizevci.hr\/wp-content\/uploads\/2017\/01\/VATROGASNE-INTERVENCIJE-TIJEKOM-PROSINCA-2016.-GODINE.pdf\">vatrogasne-intervencije-tijekom-prosinca-2016-godine<\/a><\/p>\n<p><a href=\"https:\/\/www.jvp-krizevci.hr\/wp-content\/uploads\/2016\/03\/VATROGASNE-INTERVENCIJE-U-RAZDOBLJU-SIJE\u010cANJ-PROSINAC-2016.-GODINE.pdf\">vatrogasne-intervencije-u-razdoblju-sijecanj-prosinac-2016-godine<\/a><\/p>\n<p><a href=\"https:\/\/www.jvp-krizevci.hr\/wp-content\/uploads\/2017\/01\/VATR.-INTERV.-NA-KC-K\u017d-\u017dUPANIJI-SIJE\u010cANJ-PROSINAC2016.pdf\">vatr-interv-na-kc-kz-zupaniji-sijecanj-prosinac2016<\/a><\/p>\n","protected":false},"excerpt":{"rendered":"<p>vatrogasne-intervencije-tijekom-prosinca-2016-godine vatrogasne-intervencije-u-razdoblju-sijecanj-prosinac-2016-godine vatr-interv-na-kc-kz-zupaniji-sijecanj-prosinac2016<\/p>\n","protected":false},"author":1,"featured_media":0,"parent":0,"menu_order":0,"comment_status":"closed","ping_status":"closed","template":"","meta":{"ngg_post_thumbnail":0,"footnotes":""},"class_list":["post-1387","page","type-page","status-publish","hentry"],"_links":{"self":[{"href":"https:\/\/www.jvp-krizevci.hr\/index.php?rest_route=\/wp\/v2\/pages\/1387","targetHints":{"allow":["GET"]}}],"collection":[{"href":"https:\/\/www.jvp-krizevci.hr\/index.php?rest_route=\/wp\/v2\/pages"}],"about":[{"href":"https:\/\/www.jvp-krizevci.hr\/index.php?rest_route=\/wp\/v2\/types\/page"}],"author":[{"embeddable":true,"href":"https:\/\/www.jvp-krizevci.hr\/index.php?rest_route=\/wp\/v2\/users\/1"}],"replies":[{"embeddable":true,"href":"https:\/\/www.jvp-krizevci.hr\/index.php?rest_route=%2Fwp%2Fv2%2Fcomments&post=1387"}],"version-history":[{"count":17,"href":"https:\/\/www.jvp-krizevci.hr\/index.php?rest_route=\/wp\/v2\/pages\/1387\/revisions"}],"predecessor-version":[{"id":1535,"href":"https:\/\/www.jvp-krizevci.hr\/index.php?rest_route=\/wp\/v2\/pages\/1387\/revisions\/1535"}],"wp:attachment":[{"href":"https:\/\/www.jvp-krizevci.hr\/index.php?rest_route=%2Fwp%2Fv2%2Fmedia&parent=1387"}],"curies":[{"name":"wp","href":"https:\/\/api.w.org\/{rel}","templated":true}]}}