{"id":155,"date":"2012-11-16T20:25:28","date_gmt":"2012-11-16T20:25:28","guid":{"rendered":"http:\/\/www.jvp-krizevci.hr\/?page_id=155"},"modified":"2018-09-11T07:43:39","modified_gmt":"2018-09-11T06:43:39","slug":"vzg-krizevaca","status":"publish","type":"page","link":"https:\/\/www.jvp-krizevci.hr\/?page_id=155","title":{"rendered":"VZG KRI\u017dEVACA"},"content":{"rendered":"<p><a href=\"https:\/\/www.jvp-krizevci.hr\/?attachment_id=355\" rel=\"attachment wp-att-355\"><img loading=\"lazy\" decoding=\"async\" class=\"alignleft wp-image-355\" title=\"Grb VZG KZ1\" src=\"https:\/\/www.jvp-krizevci.hr\/wp-content\/uploads\/2012\/11\/Grb-VZG-KZ11-225x300.jpg\" alt=\"\" width=\"159\" height=\"212\" srcset=\"https:\/\/www.jvp-krizevci.hr\/wp-content\/uploads\/2012\/11\/Grb-VZG-KZ11-225x300.jpg 225w, https:\/\/www.jvp-krizevci.hr\/wp-content\/uploads\/2012\/11\/Grb-VZG-KZ11.jpg 521w\" sizes=\"auto, (max-width: 159px) 100vw, 159px\" \/><\/a>Vatrogasna zajednica grada Kri\u017eevca osnovana je 1993. godine i u nju je udru\u017eeno 32 dobrovoljna vatrogasna dru\u0161tva organizirano u 4 Po\u017earna odreda. &nbsp;Predsjednik Zajednice je Mu\u017ei\u0107 Ivan (DVD Raven), Tajnik Petra\u010dija Miroslav&nbsp; (DVD Bukovje ) a Zapovjednik Matosovi\u0107 Ivan (DVD Kri\u017eevci).<\/p>\n<p><strong>PO\u017dARNI ODRED KRI\u017dEVCI<\/strong><\/p>\n<p>Zapovjednik Smiljan Jurica (DVD Kri\u017eevci)<\/p>\n<div align=\"center\">\n<table width=\"647\" cellspacing=\"0\" cellpadding=\"0\" border=\"1\">\n<tbody>\n<tr>\n<td width=\"50\">\n<p align=\"center\"><strong>R.br.<\/strong><\/p>\n<\/td>\n<td width=\"156\">\n<p align=\"center\"><strong>DVD<\/strong><\/p>\n<\/td>\n<td width=\"113\">\n<p align=\"center\"><strong>God. osnutka<\/strong><\/p>\n<\/td>\n<td width=\"151\">\n<p align=\"center\"><strong>Predsjednik<\/strong><\/p>\n<\/td>\n<td width=\"151\">\n<p align=\"center\"><strong>Zapovjednik &nbsp;<\/strong><\/p>\n<\/td>\n<\/tr>\n<tr>\n<td width=\"50\">\n<p align=\"right\">1.<\/p>\n<\/td>\n<td width=\"156\">Kri\u017eevci<\/td>\n<td width=\"113\">\n<p align=\"center\">1874.<\/p>\n<\/td>\n<td width=\"151\">Matosovi\u0107 Ivan<\/td>\n<td width=\"151\">Smiljan Jurica<\/td>\n<\/tr>\n<tr>\n<td width=\"50\">\n<p align=\"right\">2.<\/p>\n<\/td>\n<td width=\"156\">\u0110ur\u0111ic<\/td>\n<td width=\"113\">\n<p align=\"center\">1928.<\/p>\n<\/td>\n<td width=\"151\">Kane\u0161i\u0107 Kristijan<\/td>\n<td width=\"151\">Lackovi\u0107 Dragutin<\/td>\n<\/tr>\n<tr>\n<td width=\"50\">\n<p align=\"right\">3.<\/p>\n<\/td>\n<td width=\"156\">Bukovje<\/td>\n<td width=\"113\">\n<p align=\"center\">1952.<\/p>\n<\/td>\n<td width=\"151\">&nbsp;Horvat Tomislav<\/td>\n<td width=\"151\">Prugovi\u0107 Krunoslav<\/td>\n<\/tr>\n<tr>\n<td width=\"50\">\n<p align=\"right\">4.<\/p>\n<\/td>\n<td width=\"156\">Cubinec<\/td>\n<td width=\"113\">\n<p align=\"center\">1931.<\/p>\n<\/td>\n<td width=\"151\">Tomac Marko<\/td>\n<td width=\"151\">Rogina Nenad<\/td>\n<\/tr>\n<tr>\n<td width=\"50\">\n<p align=\"right\">5.<\/p>\n<\/td>\n<td width=\"156\">Dijankovec<\/td>\n<td width=\"113\">\n<p align=\"center\">1935.<\/p>\n<\/td>\n<td width=\"151\">Har\u010da&nbsp; Darko<\/td>\n<td width=\"151\">\u0160tefoi\u0107 Zdravko<\/td>\n<\/tr>\n<tr>\n<td width=\"50\">\n<p align=\"right\">6.<\/p>\n<\/td>\n<td width=\"156\">Erdovec<\/td>\n<td width=\"113\">\n<p align=\"center\">1932.<\/p>\n<\/td>\n<td width=\"151\">Arki Valent<\/td>\n<td width=\"151\">Arki&nbsp; Darko<\/td>\n<\/tr>\n<tr>\n<td width=\"50\">\n<p align=\"right\">7.<\/p>\n<\/td>\n<td width=\"156\">Leme\u0161 Kri\u017eeva\u010dki<\/td>\n<td width=\"113\">\n<p align=\"center\">1954.<\/p>\n<\/td>\n<td width=\"151\">Martin\u010devi\u0107 Zdravko<\/td>\n<td width=\"151\">Martin\u010devi\u0107 Mario<\/td>\n<\/tr>\n<tr>\n<td width=\"50\">\n<p align=\"right\">8.<\/p>\n<\/td>\n<td width=\"156\">Majurec<\/td>\n<td width=\"113\">\n<p align=\"center\">1931.<\/p>\n<\/td>\n<td width=\"151\">Jandra\u0161ec Dijana<\/td>\n<td width=\"151\">\u0160\u0107etari\u0107 \u0110uro<\/td>\n<\/tr>\n<tr>\n<td width=\"50\">\n<p align=\"right\">9.<\/p>\n<\/td>\n<td width=\"156\">Poljana Kri\u017eeva\u010dka<\/td>\n<td width=\"113\">\n<p align=\"center\">1892.<\/p>\n<\/td>\n<td width=\"151\">Jur\u010devi\u0107 Denis<\/td>\n<td width=\"151\">Hru\u0161kar Marinko<\/td>\n<\/tr>\n<tr>\n<td width=\"50\">\n<p align=\"right\">10.<\/p>\n<\/td>\n<td width=\"156\">Sveti Martin<\/td>\n<td width=\"113\">\n<p align=\"center\">1980.<\/p>\n<\/td>\n<td width=\"151\">Gega\u010d Miroslav<\/td>\n<td width=\"151\">Matekovi\u0107 Dubravko<\/td>\n<\/tr>\n<tr>\n<td width=\"50\">\n<p align=\"right\">11.<\/p>\n<\/td>\n<td width=\"156\">Gra\u010dina<\/td>\n<td width=\"113\">\n<p align=\"center\">1952.<\/p>\n<\/td>\n<td width=\"151\">Mance Goran<\/td>\n<td width=\"151\">Neme\u010dek Kruno<\/td>\n<\/tr>\n<tr>\n<td width=\"50\">\n<p align=\"right\">12.<\/p>\n<\/td>\n<td width=\"156\">Podgajec<\/td>\n<td width=\"113\">\n<p style=\"text-align: center;\">&nbsp;1932.<\/p>\n<\/td>\n<td width=\"151\">\u0160imun\u010di\u0107 Josip<\/td>\n<td width=\"151\">Bedovec Dalibor<\/td>\n<\/tr>\n<tr>\n<td style=\"text-align: right;\" width=\"50\">13.<\/td>\n<td width=\"156\">Veliki Poto\u010dec<\/td>\n<td width=\"113\">&nbsp;<\/td>\n<td width=\"151\">Kralj Marijan<\/td>\n<td width=\"151\">Cetu\u0161i\u0107&nbsp; Ivan<\/td>\n<\/tr>\n<tr>\n<td width=\"50\">&nbsp;<\/td>\n<td width=\"156\">&nbsp;<\/td>\n<td width=\"113\">&nbsp;<\/td>\n<td width=\"151\">&nbsp;<\/td>\n<td width=\"151\">&nbsp;<\/td>\n<\/tr>\n<\/tbody>\n<\/table>\n<\/div>\n<p>Dobrovoljna vatrogasna dru\u0161tva Po\u017earnog odreda Kri\u017eevci raspola\u017eu sa slijede\u0107im vatrogasnim vozilima:<\/p>\n<div align=\"center\">\n<table cellspacing=\"0\" cellpadding=\"0\" border=\"1\">\n<tbody>\n<tr>\n<td width=\"53\">\n<p align=\"center\"><strong>R.br.<\/strong><\/p>\n<\/td>\n<td width=\"208\">\n<p align=\"center\"><strong>DVD<\/strong><\/p>\n<\/td>\n<td width=\"359\">\n<p align=\"center\"><strong>Vatrogasna vozila<\/strong><\/p>\n<\/td>\n<\/tr>\n<tr>\n<td width=\"53\">\n<p align=\"right\">1.<\/p>\n<\/td>\n<td width=\"208\">Kri\u017eevci<\/td>\n<td width=\"359\">Kemijsko vozilo&nbsp;&nbsp;&nbsp;&nbsp;&nbsp;&nbsp; &nbsp; &nbsp; &nbsp; &nbsp; &nbsp; &nbsp; &nbsp;&nbsp; &nbsp; Vozilo za prijevoz osoba<\/td>\n<\/tr>\n<tr>\n<td width=\"53\">\n<p align=\"right\">2.<\/p>\n<\/td>\n<td width=\"208\">\u0110ur\u0111ic<\/td>\n<td width=\"359\">&nbsp;Traktorska cisterna<\/td>\n<\/tr>\n<tr>\n<td width=\"53\">\n<p align=\"right\">3.<\/p>\n<\/td>\n<td width=\"208\">Bukovje<\/td>\n<td width=\"359\">&nbsp;<\/td>\n<\/tr>\n<tr>\n<td width=\"53\">\n<p align=\"right\">4.<\/p>\n<\/td>\n<td width=\"208\">Cubinec<\/td>\n<td width=\"359\">&nbsp;<\/td>\n<\/tr>\n<tr>\n<td width=\"53\">\n<p align=\"right\">5.<\/p>\n<\/td>\n<td width=\"208\">Dijankovec<\/td>\n<td width=\"359\">&nbsp;Traktorska cisterna<\/td>\n<\/tr>\n<tr>\n<td width=\"53\">\n<p align=\"right\">6.<\/p>\n<\/td>\n<td width=\"208\">Erdovec<\/td>\n<td width=\"359\">&nbsp;<\/td>\n<\/tr>\n<tr>\n<td width=\"53\">\n<p align=\"right\">7.<\/p>\n<\/td>\n<td width=\"208\">Leme\u0161 Kri\u017eeva\u010dki<\/td>\n<td width=\"359\">Malo navalno vozilo<\/td>\n<\/tr>\n<tr>\n<td width=\"53\">\n<p align=\"right\">8.<\/p>\n<\/td>\n<td width=\"208\">Majurec<\/td>\n<td width=\"359\">&nbsp;<\/td>\n<\/tr>\n<tr>\n<td width=\"53\">\n<p align=\"right\">9.<\/p>\n<\/td>\n<td width=\"208\">Poljana Kri\u017eeva\u010dka<\/td>\n<td width=\"359\">&nbsp;<\/td>\n<\/tr>\n<tr>\n<td width=\"53\">\n<p align=\"right\">10.<\/p>\n<\/td>\n<td width=\"208\">Sveti Martin<\/td>\n<td width=\"359\">&nbsp;<\/td>\n<\/tr>\n<tr>\n<td width=\"53\">\n<p align=\"right\">11.<\/p>\n<\/td>\n<td width=\"208\">Gra\u010dina<\/td>\n<td width=\"359\">&nbsp;<\/td>\n<\/tr>\n<tr>\n<td width=\"53\">\n<p align=\"right\">12.<\/p>\n<\/td>\n<td width=\"208\">Podgajec<\/td>\n<td width=\"359\">&nbsp;Traktorska cisterna<\/td>\n<\/tr>\n<tr>\n<td style=\"text-align: right;\" width=\"53\">13.<\/td>\n<td width=\"208\">Veliki Poto\u010dec<\/td>\n<td width=\"359\">&nbsp;<\/td>\n<\/tr>\n<tr>\n<td width=\"53\">&nbsp;<\/td>\n<td width=\"208\">&nbsp;<\/td>\n<td width=\"359\">&nbsp;<\/td>\n<\/tr>\n<\/tbody>\n<\/table>\n<\/div>\n<p><strong>&nbsp;PO\u017dARNI ODRED RAVEN<\/strong><\/p>\n<p>Zapovjednik Ru\u017ei\u0107 Goran (DVD Novaki Ravenski)<\/p>\n<div align=\"center\">\n<table style=\"height: 712px;\" width=\"643\" cellspacing=\"0\" cellpadding=\"0\" border=\"1\">\n<tbody>\n<tr>\n<td width=\"50\">\n<p align=\"center\"><strong>R.br.<\/strong><\/p>\n<\/td>\n<td width=\"156\">\n<p align=\"center\"><strong>DVD<\/strong><\/p>\n<\/td>\n<td width=\"113\">\n<p align=\"center\"><strong>God. osnutka<\/strong><\/p>\n<\/td>\n<td width=\"142\">\n<p align=\"center\"><strong>Predsjednik<\/strong><\/p>\n<\/td>\n<td width=\"155\">\n<p align=\"center\"><strong>Zapovjednik &nbsp;<\/strong><\/p>\n<\/td>\n<\/tr>\n<tr>\n<td width=\"50\">\n<p align=\"right\">1.<\/p>\n<\/td>\n<td width=\"156\">Veliki Raven<\/td>\n<td width=\"113\">\n<p align=\"center\">1893.<\/p>\n<\/td>\n<td width=\"142\">Mu\u017ei\u0107&nbsp;&nbsp;&nbsp; Ivan<\/td>\n<td width=\"155\">Mu\u0161lek&nbsp; Ivica<\/td>\n<\/tr>\n<tr>\n<td width=\"50\">\n<p align=\"right\">2.<\/p>\n<\/td>\n<td width=\"156\">Novaki Ravenski<\/td>\n<td width=\"113\">\n<p align=\"center\">1933.<\/p>\n<\/td>\n<td width=\"142\">Premrl Sini\u0161a<\/td>\n<td width=\"155\">Ru\u017ei\u0107&nbsp;&nbsp; Goran<\/td>\n<\/tr>\n<tr>\n<td width=\"50\">\n<p align=\"right\">3.<\/p>\n<\/td>\n<td width=\"156\">Gornji Dubovec<\/td>\n<td width=\"113\">\n<p align=\"center\">1963.<\/p>\n<\/td>\n<td width=\"142\">Boro\u0161a Stjepan<\/td>\n<td width=\"155\">Kralj Dragutin<\/td>\n<\/tr>\n<tr>\n<td width=\"50\">\n<p align=\"right\">4.<\/p>\n<\/td>\n<td width=\"156\">Srednji Dubovec<\/td>\n<td width=\"113\">\n<p align=\"center\">1935.<\/p>\n<\/td>\n<td width=\"142\">Zajec Zdravko<\/td>\n<td width=\"155\">Rusan \u017deljko<\/td>\n<\/tr>\n<tr>\n<td width=\"50\">\n<p align=\"right\">5.<\/p>\n<\/td>\n<td width=\"156\">Leme\u0161<\/td>\n<td width=\"113\">\n<p align=\"center\">1954.<\/p>\n<\/td>\n<td width=\"142\">Jur\u0161eti\u0107 Franjo<\/td>\n<td width=\"155\">Jaji\u0107&nbsp;&nbsp;&nbsp;&nbsp;&nbsp; Ivan<\/td>\n<\/tr>\n<tr>\n<td width=\"50\">\n<p align=\"right\">6.<\/p>\n<\/td>\n<td width=\"156\">Stara Ves<\/td>\n<td width=\"113\">\n<p align=\"center\">1946.<\/p>\n<\/td>\n<td width=\"142\">Gro\u0161evi\u0107 Ivan<\/td>\n<td width=\"155\">Pavlic&nbsp;&nbsp;&nbsp; Ivan<\/td>\n<\/tr>\n<tr>\n<td width=\"50\">\n<p align=\"right\">7.<\/p>\n<\/td>\n<td width=\"156\">\u0160piranec<\/td>\n<td width=\"113\">\n<p align=\"center\">1933.<\/p>\n<\/td>\n<td width=\"142\">Skali\u010dki \u017deljko<\/td>\n<td width=\"155\">Hrvoj Stjepan<\/td>\n<\/tr>\n<tr>\n<td width=\"50\">&nbsp;&nbsp;&nbsp;&nbsp;&nbsp;&nbsp; 8.<\/td>\n<td width=\"156\">Bojnikovec<\/td>\n<td width=\"113\">&nbsp;<\/td>\n<td width=\"142\">Fure\u0161 Darko<\/td>\n<td width=\"155\">Jelu\u0161i\u0107 Zlatko<\/td>\n<\/tr>\n<\/tbody>\n<\/table>\n<\/div>\n<p>Dobrovoljna vatrogasna dru\u0161tva Po\u017earnog odreda Raven raspola\u017eu sa slijede\u0107im vatrogasnim vozilima:<\/p>\n<div align=\"center\">\n<table style=\"height: 652px;\" width=\"640\" cellspacing=\"0\" cellpadding=\"0\" border=\"1\">\n<tbody>\n<tr>\n<td width=\"53\">\n<p align=\"center\"><strong>R.br.<\/strong><\/p>\n<\/td>\n<td width=\"208\">\n<p align=\"center\"><strong>DVD<\/strong><\/p>\n<\/td>\n<td width=\"359\">\n<p align=\"center\"><strong>Vatrogasna vozila<\/strong><\/p>\n<\/td>\n<\/tr>\n<tr>\n<td width=\"53\">\n<p align=\"right\">1.<\/p>\n<\/td>\n<td width=\"208\">Veliki Raven<\/td>\n<td width=\"359\">&nbsp;Auto-cisterna<\/td>\n<\/tr>\n<tr>\n<td width=\"53\">\n<p align=\"right\">2.<\/p>\n<\/td>\n<td width=\"208\">Novaki Ravenski<\/td>\n<td width=\"359\">&nbsp;Auto-cisterna<\/td>\n<\/tr>\n<tr>\n<td width=\"53\">\n<p align=\"right\">3.<\/p>\n<\/td>\n<td width=\"208\">Gornji Dubovec<\/td>\n<td width=\"359\">&nbsp;Vozilo za prijevoz osoba<\/td>\n<\/tr>\n<tr>\n<td width=\"53\">\n<p align=\"right\">4.<\/p>\n<\/td>\n<td width=\"208\">Srednji Dubovec<\/td>\n<td width=\"359\">&nbsp;Traktorska cisterna<\/td>\n<\/tr>\n<tr>\n<td width=\"53\">\n<p align=\"right\">5.<\/p>\n<\/td>\n<td width=\"208\">Leme\u0161<\/td>\n<td width=\"359\">&nbsp;<\/td>\n<\/tr>\n<tr>\n<td width=\"53\">\n<p align=\"right\">6.<\/p>\n<\/td>\n<td width=\"208\">Stara Ves<\/td>\n<td width=\"359\">Navalno vozilo, Traktorska cisterna<\/td>\n<\/tr>\n<tr>\n<td width=\"53\">\n<p align=\"right\">7.<\/p>\n<\/td>\n<td width=\"208\">\u0160piranec<\/td>\n<td width=\"359\">&nbsp;<\/td>\n<\/tr>\n<tr>\n<td width=\"53\">&nbsp;<\/td>\n<td width=\"208\">&nbsp;<\/td>\n<td width=\"359\">&nbsp;<\/td>\n<\/tr>\n<\/tbody>\n<\/table>\n<\/div>\n<p><strong>&nbsp;PO\u017dARNI ODRED KLO\u0160TAR VOJAKOVA\u010cKI<\/strong><\/p>\n<p>Zapovjednik&nbsp; (DVD )<\/p>\n<div align=\"center\">\n<table cellspacing=\"0\" cellpadding=\"0\" border=\"1\">\n<tbody>\n<tr>\n<td width=\"50\">\n<p align=\"center\"><strong>R.br.<\/strong><\/p>\n<\/td>\n<td width=\"156\">\n<p align=\"center\"><strong>DVD<\/strong><\/p>\n<\/td>\n<td width=\"113\">\n<p align=\"center\"><strong>God. osnutka<\/strong><\/p>\n<\/td>\n<td width=\"142\">\n<p align=\"center\"><strong>Predsjednik<\/strong><\/p>\n<\/td>\n<td width=\"155\">\n<p align=\"center\"><strong>Zapovjednik &nbsp;<\/strong><\/p>\n<\/td>\n<\/tr>\n<tr>\n<td width=\"50\">\n<p align=\"right\">1.<\/p>\n<\/td>\n<td width=\"156\">Klo\u0161tar Vojakova\u010dki<\/td>\n<td width=\"113\">\n<p align=\"center\">1956.<\/p>\n<\/td>\n<td width=\"142\">Ga\u0161pari\u0107 \u017deljko<\/td>\n<td width=\"155\">Jagu\u0161i\u0107 Branko<\/td>\n<\/tr>\n<tr>\n<td width=\"50\">\n<p align=\"right\">2.<\/p>\n<\/td>\n<td width=\"156\">Carevdar<\/td>\n<td width=\"113\">\n<p align=\"center\">1933.<\/p>\n<\/td>\n<td width=\"142\">Brati\u0107 Stjepan<\/td>\n<td width=\"155\">Kai\u0107 Valentina<\/td>\n<\/tr>\n<tr>\n<td width=\"50\">\n<p align=\"right\">3.<\/p>\n<\/td>\n<td width=\"156\">Stari Bo\u0161njani<\/td>\n<td width=\"113\">\n<p align=\"center\">1937.<\/p>\n<\/td>\n<td width=\"142\">Habdija Darko<\/td>\n<td width=\"155\">&nbsp;Klari\u0107 Mario<\/td>\n<\/tr>\n<tr>\n<td width=\"50\">\n<p align=\"right\">4.<\/p>\n<\/td>\n<td width=\"156\">Ve\u010deslavec<\/td>\n<td width=\"113\">\n<p align=\"center\">1934.<\/p>\n<\/td>\n<td width=\"142\">&nbsp;<\/td>\n<td width=\"155\">&nbsp;<\/td>\n<\/tr>\n<tr>\n<td width=\"50\">\n<p align=\"right\">5.<\/p>\n<\/td>\n<td width=\"156\">Vuji\u0107i Vojakova\u010dki<\/td>\n<td width=\"113\">\n<p align=\"center\">1971.<\/p>\n<\/td>\n<td width=\"142\">Vuji\u0107&nbsp;&nbsp; Tomo<\/td>\n<td width=\"155\">Vuji\u0107&nbsp;&nbsp;&nbsp; Vaso<\/td>\n<\/tr>\n<tr>\n<td width=\"50\">\n<p align=\"right\">6.<\/p>\n<\/td>\n<td width=\"156\">Velike Sesvete<\/td>\n<td width=\"113\">\n<p align=\"center\">1963.<\/p>\n<\/td>\n<td width=\"142\">Bobovac Milan<\/td>\n<td width=\"155\">Dulikravi\u0107 Nikola<\/td>\n<\/tr>\n<tr>\n<td width=\"50\">\n<p align=\"right\">7.<\/p>\n<\/td>\n<td width=\"156\">Poveli\u0107<\/td>\n<td width=\"113\">\n<p align=\"center\">1954.<\/p>\n<\/td>\n<td width=\"142\">\u0160kvorc Vladimir<\/td>\n<td width=\"155\">Habijanec Zoran<\/td>\n<\/tr>\n<tr>\n<td width=\"50\">\n<p align=\"right\">8.<\/p>\n<\/td>\n<td width=\"156\">Ru\u0161evac<\/td>\n<td width=\"113\">\n<p align=\"center\">1957.<\/p>\n<\/td>\n<td width=\"142\">&nbsp;<\/td>\n<td width=\"155\">&nbsp;<\/td>\n<\/tr>\n<\/tbody>\n<\/table>\n<\/div>\n<p>Dobrovoljna vatrogasna dru\u0161tva Po\u017earnog odreda Klo\u0161tar Vojakova\u010dki raspola\u017eu sa slijede\u0107im vatrogasnim vozilima:<\/p>\n<div align=\"center\">\n<table cellspacing=\"0\" cellpadding=\"0\" border=\"1\">\n<tbody>\n<tr>\n<td width=\"53\">\n<p align=\"center\"><strong>R.br.<\/strong><\/p>\n<\/td>\n<td width=\"208\">\n<p align=\"center\"><strong>DVD<\/strong><\/p>\n<\/td>\n<td width=\"359\">\n<p align=\"center\"><strong>Vatrogasna vozila<\/strong><\/p>\n<\/td>\n<\/tr>\n<tr>\n<td width=\"53\">\n<p align=\"right\">1.<\/p>\n<\/td>\n<td width=\"208\">Klo\u0161tar Vojakova\u010dki<\/td>\n<td width=\"359\">Malo navalno vozilo, Traktorska cisterna<\/td>\n<\/tr>\n<tr>\n<td width=\"53\">\n<p align=\"right\">2.<\/p>\n<\/td>\n<td width=\"208\">Carevdar<\/td>\n<td width=\"359\">&nbsp;Traktorska cisterna<\/td>\n<\/tr>\n<tr>\n<td width=\"53\">\n<p align=\"right\">3.<\/p>\n<\/td>\n<td width=\"208\">Stari Bo\u0161njani<\/td>\n<td width=\"359\">&nbsp;Traktorska cisterna<\/td>\n<\/tr>\n<tr>\n<td width=\"53\">\n<p align=\"right\">4.<\/p>\n<\/td>\n<td width=\"208\">Veliki Poto\u010dec<\/td>\n<td width=\"359\">&nbsp;<\/td>\n<\/tr>\n<tr>\n<td width=\"53\">\n<p align=\"right\">5.<\/p>\n<\/td>\n<td width=\"208\">Vuji\u0107i Vojakova\u010dki<\/td>\n<td width=\"359\">&nbsp;<\/td>\n<\/tr>\n<tr>\n<td width=\"53\">\n<p align=\"right\">6.<\/p>\n<\/td>\n<td width=\"208\">Velike Sesvete<\/td>\n<td width=\"359\">&nbsp;<\/td>\n<\/tr>\n<tr>\n<td width=\"53\">\n<p align=\"right\">7.<\/p>\n<\/td>\n<td width=\"208\">Poveli\u0107<\/td>\n<td width=\"359\">&nbsp;<\/td>\n<\/tr>\n<tr>\n<td width=\"53\">\n<p align=\"right\">8.<\/p>\n<\/td>\n<td width=\"208\">Ru\u0161evac<\/td>\n<td width=\"359\">&nbsp;<\/td>\n<\/tr>\n<\/tbody>\n<\/table>\n<\/div>\n<p><strong>&nbsp;PO\u017dARNI ODRED GLOGOVNICA<\/strong><\/p>\n<p>Zapovjednik Vrbanec Dragan (DVD Apatovec)<\/p>\n<div align=\"center\">\n<table cellspacing=\"0\" cellpadding=\"0\" border=\"1\">\n<tbody>\n<tr>\n<td width=\"50\">\n<p align=\"center\"><strong>R.br.<\/strong><\/p>\n<\/td>\n<td width=\"156\">\n<p align=\"center\"><strong>DVD<\/strong><\/p>\n<\/td>\n<td width=\"113\">\n<p align=\"center\"><strong>God. osnutka<\/strong><\/p>\n<\/td>\n<td width=\"142\">\n<p align=\"center\"><strong>Predsjednik<\/strong><\/p>\n<\/td>\n<td width=\"155\">\n<p align=\"center\"><strong>Zapovjednik &nbsp;<\/strong><\/p>\n<\/td>\n<\/tr>\n<tr>\n<td width=\"50\">\n<p align=\"right\">1.<\/p>\n<\/td>\n<td width=\"156\">Glogovnica<\/td>\n<td width=\"113\">\n<p align=\"center\">1939.<\/p>\n<\/td>\n<td width=\"142\">\u0160kara Dragan<\/td>\n<td width=\"155\">Gomza Milan<\/td>\n<\/tr>\n<tr>\n<td width=\"50\">\n<p align=\"right\">2.<\/p>\n<\/td>\n<td width=\"156\">Apatovec<\/td>\n<td width=\"113\">\n<p align=\"center\">1949.<\/p>\n<\/td>\n<td width=\"142\">Magdi\u0107 \u017deljko<\/td>\n<td width=\"155\">Vrbanec Dragan<\/td>\n<\/tr>\n<tr>\n<td width=\"50\">\n<p align=\"right\">3.<\/p>\n<\/td>\n<td width=\"156\">Sveta Helena<\/td>\n<td width=\"113\">\n<p align=\"center\">1952.<\/p>\n<\/td>\n<td width=\"142\">Srbljinovi\u0107 Zdenko<\/td>\n<td width=\"155\">Stru\u010di\u0107 Tomislav<\/td>\n<\/tr>\n<\/tbody>\n<\/table>\n<\/div>\n<p>Dobrovoljna vatrogasna dru\u0161tva Po\u017earnog odreda Kri\u017eevci raspola\u017eu sa slijede\u0107im vatrogasnim vozilima:<\/p>\n<div align=\"center\">\n<table cellspacing=\"0\" cellpadding=\"0\" border=\"1\">\n<tbody>\n<tr>\n<td width=\"53\">\n<p align=\"center\"><strong>R.br.<\/strong><\/p>\n<\/td>\n<td width=\"208\">\n<p align=\"center\"><strong>DVD<\/strong><\/p>\n<\/td>\n<td width=\"359\">\n<p align=\"center\"><strong>Vatrogasna vozila<\/strong><\/p>\n<\/td>\n<\/tr>\n<tr>\n<td width=\"53\">\n<p align=\"right\">1.<\/p>\n<\/td>\n<td width=\"208\">Glogovnica<\/td>\n<td width=\"359\">Malo navalno vozilo, Traktorska cisterna<\/td>\n<\/tr>\n<tr>\n<td width=\"53\">\n<p align=\"right\">2.<\/p>\n<\/td>\n<td width=\"208\">Apatovec<\/td>\n<td width=\"359\">Navalno vozilo, Traktorska cisterna<\/td>\n<\/tr>\n<tr>\n<td width=\"53\">\n<p align=\"right\">3.<\/p>\n<\/td>\n<td width=\"208\">Sveta Helena<\/td>\n<td width=\"359\">&nbsp;<\/td>\n<\/tr>\n<\/tbody>\n<\/table>\n<\/div>\n<p>&nbsp;<\/p>\n<p>&nbsp;<\/p>\n","protected":false},"excerpt":{"rendered":"<p>Vatrogasna zajednica grada Kri\u017eevca osnovana je 1993. godine i u nju je udru\u017eeno 32 dobrovoljna vatrogasna dru\u0161tva organizirano u 4 Po\u017earna odreda. &nbsp;Predsjednik Zajednice je Mu\u017ei\u0107 Ivan (DVD Raven), Tajnik Petra\u010dija Miroslav&nbsp; (DVD Bukovje ) a Zapovjednik Matosovi\u0107 Ivan (DVD &hellip; <a href=\"https:\/\/www.jvp-krizevci.hr\/?page_id=155\">Nastavi \u010ditati <span class=\"meta-nav\">&rarr;<\/span><\/a><\/p>\n","protected":false},"author":1,"featured_media":0,"parent":0,"menu_order":0,"comment_status":"closed","ping_status":"closed","template":"onecolumn-page.php","meta":{"ngg_post_thumbnail":0,"footnotes":""},"class_list":["post-155","page","type-page","status-publish","hentry"],"_links":{"self":[{"href":"https:\/\/www.jvp-krizevci.hr\/index.php?rest_route=\/wp\/v2\/pages\/155","targetHints":{"allow":["GET"]}}],"collection":[{"href":"https:\/\/www.jvp-krizevci.hr\/index.php?rest_route=\/wp\/v2\/pages"}],"about":[{"href":"https:\/\/www.jvp-krizevci.hr\/index.php?rest_route=\/wp\/v2\/types\/page"}],"author":[{"embeddable":true,"href":"https:\/\/www.jvp-krizevci.hr\/index.php?rest_route=\/wp\/v2\/users\/1"}],"replies":[{"embeddable":true,"href":"https:\/\/www.jvp-krizevci.hr\/index.php?rest_route=%2Fwp%2Fv2%2Fcomments&post=155"}],"version-history":[{"count":28,"href":"https:\/\/www.jvp-krizevci.hr\/index.php?rest_route=\/wp\/v2\/pages\/155\/revisions"}],"predecessor-version":[{"id":331,"href":"https:\/\/www.jvp-krizevci.hr\/index.php?rest_route=\/wp\/v2\/pages\/155\/revisions\/331"}],"wp:attachment":[{"href":"https:\/\/www.jvp-krizevci.hr\/index.php?rest_route=%2Fwp%2Fv2%2Fmedia&parent=155"}],"curies":[{"name":"wp","href":"https:\/\/api.w.org\/{rel}","templated":true}]}}