{"id":1563,"date":"2017-02-06T09:38:56","date_gmt":"2017-02-06T08:38:56","guid":{"rendered":"http:\/\/www.jvp-krizevci.hr\/?page_id=1563"},"modified":"2018-02-07T08:03:37","modified_gmt":"2018-02-07T07:03:37","slug":"financijsko-izvjesce-za-2016-godinu","status":"publish","type":"page","link":"https:\/\/www.jvp-krizevci.hr\/?page_id=1563","title":{"rendered":"FINANCIJSKO IZVJE\u0160\u0106E ZA 2017. GODINU"},"content":{"rendered":"<ul>\n<li><a href=\"https:\/\/www.jvp-krizevci.hr\/wp-content\/uploads\/2018\/02\/Financijsko-izvje\u0161\u0107e-za-2017.-godinu.xls\">Financijsko izvje\u0161\u0107e za 2017. godinu<\/a><\/li>\n<li><a href=\"https:\/\/www.jvp-krizevci.hr\/wp-content\/uploads\/2018\/02\/Bilje\u0161ke-uz-financijska-izvje\u0161\u0107a-za-2017.-godinu.pdf\">Bilje\u0161ke uz financijska izvje\u0161\u0107a za 2017. godinu<\/a><\/li>\n<\/ul>\n","protected":false},"excerpt":{"rendered":"<p>Financijsko izvje\u0161\u0107e za 2017. godinu Bilje\u0161ke uz financijska izvje\u0161\u0107a za 2017. godinu<\/p>\n","protected":false},"author":1,"featured_media":0,"parent":0,"menu_order":0,"comment_status":"closed","ping_status":"closed","template":"","meta":{"ngg_post_thumbnail":0,"footnotes":""},"class_list":["post-1563","page","type-page","status-publish","hentry"],"_links":{"self":[{"href":"https:\/\/www.jvp-krizevci.hr\/index.php?rest_route=\/wp\/v2\/pages\/1563","targetHints":{"allow":["GET"]}}],"collection":[{"href":"https:\/\/www.jvp-krizevci.hr\/index.php?rest_route=\/wp\/v2\/pages"}],"about":[{"href":"https:\/\/www.jvp-krizevci.hr\/index.php?rest_route=\/wp\/v2\/types\/page"}],"author":[{"embeddable":true,"href":"https:\/\/www.jvp-krizevci.hr\/index.php?rest_route=\/wp\/v2\/users\/1"}],"replies":[{"embeddable":true,"href":"https:\/\/www.jvp-krizevci.hr\/index.php?rest_route=%2Fwp%2Fv2%2Fcomments&post=1563"}],"version-history":[{"count":4,"href":"https:\/\/www.jvp-krizevci.hr\/index.php?rest_route=\/wp\/v2\/pages\/1563\/revisions"}],"predecessor-version":[{"id":1751,"href":"https:\/\/www.jvp-krizevci.hr\/index.php?rest_route=\/wp\/v2\/pages\/1563\/revisions\/1751"}],"wp:attachment":[{"href":"https:\/\/www.jvp-krizevci.hr\/index.php?rest_route=%2Fwp%2Fv2%2Fmedia&parent=1563"}],"curies":[{"name":"wp","href":"https:\/\/api.w.org\/{rel}","templated":true}]}}