{"id":159,"date":"2012-11-16T20:26:09","date_gmt":"2012-11-16T20:26:09","guid":{"rendered":"http:\/\/www.jvp-krizevci.hr\/?page_id=159"},"modified":"2015-01-13T12:13:37","modified_gmt":"2015-01-13T11:13:37","slug":"vzo-kalnik","status":"publish","type":"page","link":"https:\/\/www.jvp-krizevci.hr\/?page_id=159","title":{"rendered":"VZO KALNIK"},"content":{"rendered":"<p>Vatrogasna zajednica op\u0107ine Kalnik osnovana je 1994. godine i u nju su udru\u017eena slijede\u0107a dobrovoljna vatrogasna dru\u0161tva:<\/p>\n<div align=\"center\">\n<table border=\"1\" cellspacing=\"0\" cellpadding=\"0\">\n<tbody>\n<tr>\n<td width=\"50\">\n<p align=\"center\"><strong>R.br.<\/strong><\/p>\n<\/td>\n<td width=\"156\">\n<p align=\"center\"><strong>DVD<\/strong><\/p>\n<\/td>\n<td width=\"113\">\n<p align=\"center\"><strong>God. osnutka<\/strong><\/p>\n<\/td>\n<td width=\"142\">\n<p align=\"center\"><strong>Predsjednik<\/strong><\/p>\n<\/td>\n<td width=\"155\">\n<p align=\"center\"><strong>Zapovjednik \u00a0<\/strong><\/p>\n<\/td>\n<\/tr>\n<tr>\n<td width=\"50\">\n<p align=\"right\">1.<\/p>\n<\/td>\n<td width=\"156\">Kalnik<\/td>\n<td width=\"113\">\n<p align=\"center\">1934.<\/p>\n<\/td>\n<td width=\"142\">Vi\u0161ak Sa\u0161a<\/td>\n<td width=\"155\">Remenar Robert<\/td>\n<\/tr>\n<tr>\n<td width=\"50\">\n<p align=\"right\">2.<\/p>\n<\/td>\n<td width=\"156\">Kame\u0161nica<\/td>\n<td width=\"113\">\n<p align=\"center\">1979.<\/p>\n<\/td>\n<td width=\"142\">Jembrek Darko<\/td>\n<td width=\"155\">Ivan\u010dek Robert<\/td>\n<\/tr>\n<tr>\n<td width=\"50\">\n<p align=\"right\">3.<\/p>\n<\/td>\n<td width=\"156\">Popovec<\/td>\n<td width=\"113\">\n<p align=\"center\">1979.<\/p>\n<\/td>\n<td width=\"142\">Koreti\u0107 Darko<\/td>\n<td width=\"155\">Koreti\u0107 Valent<\/td>\n<\/tr>\n<\/tbody>\n<\/table>\n<\/div>\n<p>Predsjednik Zajednice je Sa\u0161a Vi\u0161ak (DVD Kalnik) a Zapovjednik Ivica Arki (DVD Kalnik).<\/p>\n<p>Dobrovoljna vatrogasna dru\u0161tva Zajednice raspola\u017eu sa slijede\u0107im vatrogasnim vozilima:<\/p>\n<div align=\"center\">\n<table border=\"1\" cellspacing=\"0\" cellpadding=\"0\">\n<tbody>\n<tr>\n<td width=\"53\">\n<p align=\"center\"><strong>R.br.<\/strong><\/p>\n<\/td>\n<td width=\"208\">\n<p align=\"center\"><strong>DVD<\/strong><\/p>\n<\/td>\n<td width=\"359\">\n<p align=\"center\"><strong>Vatrogasna vozila<\/strong><\/p>\n<\/td>\n<\/tr>\n<tr>\n<td width=\"53\">\n<p align=\"right\">1.<\/p>\n<\/td>\n<td width=\"208\">Kalnik<\/td>\n<td width=\"359\">Navalno vozilo, vozilo za prijevoz osoba<\/td>\n<\/tr>\n<tr>\n<td width=\"53\">\n<p align=\"right\">2.<\/p>\n<\/td>\n<td width=\"208\">Kame\u0161nica<\/td>\n<td width=\"359\"><\/td>\n<\/tr>\n<tr>\n<td width=\"53\">\n<p align=\"right\">3.<\/p>\n<\/td>\n<td width=\"208\">Popovec<\/td>\n<td width=\"359\"><\/td>\n<\/tr>\n<\/tbody>\n<\/table>\n<\/div>\n<p>&nbsp;<\/p>\n","protected":false},"excerpt":{"rendered":"<p>Vatrogasna zajednica op\u0107ine Kalnik osnovana je 1994. godine i u nju su udru\u017eena slijede\u0107a dobrovoljna vatrogasna dru\u0161tva: R.br. DVD God. osnutka Predsjednik Zapovjednik \u00a0 1. Kalnik 1934. Vi\u0161ak Sa\u0161a Remenar Robert 2. Kame\u0161nica 1979. Jembrek Darko Ivan\u010dek Robert 3. Popovec &hellip; <a href=\"https:\/\/www.jvp-krizevci.hr\/?page_id=159\">Nastavi \u010ditati <span class=\"meta-nav\">&rarr;<\/span><\/a><\/p>\n","protected":false},"author":1,"featured_media":0,"parent":0,"menu_order":0,"comment_status":"closed","ping_status":"closed","template":"onecolumn-page.php","meta":{"ngg_post_thumbnail":0,"footnotes":""},"class_list":["post-159","page","type-page","status-publish","hentry"],"_links":{"self":[{"href":"https:\/\/www.jvp-krizevci.hr\/index.php?rest_route=\/wp\/v2\/pages\/159","targetHints":{"allow":["GET"]}}],"collection":[{"href":"https:\/\/www.jvp-krizevci.hr\/index.php?rest_route=\/wp\/v2\/pages"}],"about":[{"href":"https:\/\/www.jvp-krizevci.hr\/index.php?rest_route=\/wp\/v2\/types\/page"}],"author":[{"embeddable":true,"href":"https:\/\/www.jvp-krizevci.hr\/index.php?rest_route=\/wp\/v2\/users\/1"}],"replies":[{"embeddable":true,"href":"https:\/\/www.jvp-krizevci.hr\/index.php?rest_route=%2Fwp%2Fv2%2Fcomments&post=159"}],"version-history":[{"count":11,"href":"https:\/\/www.jvp-krizevci.hr\/index.php?rest_route=\/wp\/v2\/pages\/159\/revisions"}],"predecessor-version":[{"id":1212,"href":"https:\/\/www.jvp-krizevci.hr\/index.php?rest_route=\/wp\/v2\/pages\/159\/revisions\/1212"}],"wp:attachment":[{"href":"https:\/\/www.jvp-krizevci.hr\/index.php?rest_route=%2Fwp%2Fv2%2Fmedia&parent=159"}],"curies":[{"name":"wp","href":"https:\/\/api.w.org\/{rel}","templated":true}]}}