{"id":1595,"date":"2017-03-15T13:20:51","date_gmt":"2017-03-15T12:20:51","guid":{"rendered":"http:\/\/www.jvp-krizevci.hr\/?page_id=1595"},"modified":"2025-07-24T08:27:55","modified_gmt":"2025-07-24T07:27:55","slug":"izvjesca","status":"publish","type":"page","link":"https:\/\/www.jvp-krizevci.hr\/?page_id=1595","title":{"rendered":"IZVJE\u0160\u0106A"},"content":{"rendered":"\r\n<p><a href=\"https:\/\/www.jvp-krizevci.hr\/?page_id=1563\">FINANCIJSKO IZVJE\u0160\u0106E ZA 2017. GODINU<\/a><\/p>\r\n\r\n\r\n\r\n<p><a href=\"https:\/\/www.jvp-krizevci.hr\/?page_id=1994\">FINANCIJSKO IZVJE\u0160\u0106E ZA 2018. GODINU<\/a><\/p>\r\n\r\n\r\n\r\n<p><a href=\"https:\/\/www.jvp-krizevci.hr\/?page_id=2213\">FINANCIJSKO IZVJE\u0160\u0106E ZA 2019. GODINU<\/a><\/p>\r\n\r\n\r\n\r\n<p><a href=\"https:\/\/www.jvp-krizevci.hr\/?page_id=2412\">FINANCIJSKO IZVJE\u0160\u0106E ZA 2020. GODINU<\/a><\/p>\r\n\r\n\r\n\r\n<p><a href=\"https:\/\/www.jvp-krizevci.hr\/?page_id=2496\">FINANCIJSKO IZVJE\u0160\u0106E ZA 2021. GODINU<\/a><\/p>\r\n\r\n\r\n\r\n<p><a href=\"https:\/\/www.jvp-krizevci.hr\/?page_id=2527\">FINANCIJSKO IZVJE\u0160\u0106E ZA 2022. GODINU<\/a><\/p>\r\n<p><a href=\"https:\/\/www.jvp-krizevci.hr\/?page_id=2579\">FINANCIJSKO IZVJE\u0160\u0106E ZA 2023. GODINU<\/a><\/p>\r\n<p><a href=\"https:\/\/www.jvp-krizevci.hr\/?page_id=2720\">FINANCIJSKO IZVJE\u0160\u0106E ZA 2024. GODINU<\/a><\/p>\r\n<p><a href=\"https:\/\/www.jvp-krizevci.hr\/?page_id=2720\">FINANCIJSKO IZVJE\u0160\u0106E ZA 2025. GODINU<\/a><\/p>\r\n","protected":false},"excerpt":{"rendered":"<p>FINANCIJSKO IZVJE\u0160\u0106E ZA 2017. GODINU FINANCIJSKO IZVJE\u0160\u0106E ZA 2018. GODINU FINANCIJSKO IZVJE\u0160\u0106E ZA 2019. GODINU FINANCIJSKO IZVJE\u0160\u0106E ZA 2020. GODINU FINANCIJSKO IZVJE\u0160\u0106E ZA 2021. GODINU FINANCIJSKO IZVJE\u0160\u0106E ZA 2022. GODINU FINANCIJSKO IZVJE\u0160\u0106E ZA 2023. GODINU FINANCIJSKO IZVJE\u0160\u0106E ZA 2024. GODINU &hellip; <a href=\"https:\/\/www.jvp-krizevci.hr\/?page_id=1595\">Nastavi \u010ditati <span class=\"meta-nav\">&rarr;<\/span><\/a><\/p>\n","protected":false},"author":1,"featured_media":0,"parent":0,"menu_order":0,"comment_status":"closed","ping_status":"closed","template":"","meta":{"ngg_post_thumbnail":0,"footnotes":""},"class_list":["post-1595","page","type-page","status-publish","hentry"],"_links":{"self":[{"href":"https:\/\/www.jvp-krizevci.hr\/index.php?rest_route=\/wp\/v2\/pages\/1595","targetHints":{"allow":["GET"]}}],"collection":[{"href":"https:\/\/www.jvp-krizevci.hr\/index.php?rest_route=\/wp\/v2\/pages"}],"about":[{"href":"https:\/\/www.jvp-krizevci.hr\/index.php?rest_route=\/wp\/v2\/types\/page"}],"author":[{"embeddable":true,"href":"https:\/\/www.jvp-krizevci.hr\/index.php?rest_route=\/wp\/v2\/users\/1"}],"replies":[{"embeddable":true,"href":"https:\/\/www.jvp-krizevci.hr\/index.php?rest_route=%2Fwp%2Fv2%2Fcomments&post=1595"}],"version-history":[{"count":5,"href":"https:\/\/www.jvp-krizevci.hr\/index.php?rest_route=\/wp\/v2\/pages\/1595\/revisions"}],"predecessor-version":[{"id":2761,"href":"https:\/\/www.jvp-krizevci.hr\/index.php?rest_route=\/wp\/v2\/pages\/1595\/revisions\/2761"}],"wp:attachment":[{"href":"https:\/\/www.jvp-krizevci.hr\/index.php?rest_route=%2Fwp%2Fv2%2Fmedia&parent=1595"}],"curies":[{"name":"wp","href":"https:\/\/api.w.org\/{rel}","templated":true}]}}