{"id":1709,"date":"2018-01-15T14:16:54","date_gmt":"2018-01-15T13:16:54","guid":{"rendered":"http:\/\/www.jvp-krizevci.hr\/?page_id=1709"},"modified":"2018-02-14T07:52:38","modified_gmt":"2018-02-14T06:52:38","slug":"nabava-2018-godine","status":"publish","type":"page","link":"https:\/\/www.jvp-krizevci.hr\/?page_id=1709","title":{"rendered":"Nabava 2018. godine"},"content":{"rendered":"<ul>\n<li><a href=\"https:\/\/www.jvp-krizevci.hr\/wp-content\/uploads\/2018\/02\/Pravilnik-o-jednostavnoj-nabavi-JVP-K\u017d.pdf\">Pravilnik o jednostavnoj nabavi JVP K\u017d<\/a><\/li>\n<li><a href=\"https:\/\/www.jvp-krizevci.hr\/wp-content\/uploads\/2018\/01\/Zaklju\u010dak-o-utvr\u0111ivanju-Plana-nabave-za-2018.-godinu.pdf\">Zaklju\u010dak o utvr\u0111ivanju Plana nabave za 2018. godinu<\/a><\/li>\n<li><a href=\"https:\/\/www.jvp-krizevci.hr\/wp-content\/uploads\/2018\/02\/Plan-nabave-JVP-Grada-Kri\u017eevaca-za-2018.-godinu.pdf\">Plan nabave JVP Grada Kri\u017eevaca za 2018. godinu<\/a><\/li>\n<li><a href=\"https:\/\/www.jvp-krizevci.hr\/wp-content\/uploads\/2017\/01\/Obveze-iz-\u010dlanka-13.pdf\">Obveze iz \u010dlanka 13<\/a><\/li>\n<\/ul>\n<p>&nbsp;<\/p>\n","protected":false},"excerpt":{"rendered":"<p>Pravilnik o jednostavnoj nabavi JVP K\u017d Zaklju\u010dak o utvr\u0111ivanju Plana nabave za 2018. godinu Plan nabave JVP Grada Kri\u017eevaca za 2018. godinu Obveze iz \u010dlanka 13 &nbsp;<\/p>\n","protected":false},"author":1,"featured_media":0,"parent":0,"menu_order":0,"comment_status":"closed","ping_status":"closed","template":"","meta":{"ngg_post_thumbnail":0,"footnotes":""},"class_list":["post-1709","page","type-page","status-publish","hentry"],"_links":{"self":[{"href":"https:\/\/www.jvp-krizevci.hr\/index.php?rest_route=\/wp\/v2\/pages\/1709","targetHints":{"allow":["GET"]}}],"collection":[{"href":"https:\/\/www.jvp-krizevci.hr\/index.php?rest_route=\/wp\/v2\/pages"}],"about":[{"href":"https:\/\/www.jvp-krizevci.hr\/index.php?rest_route=\/wp\/v2\/types\/page"}],"author":[{"embeddable":true,"href":"https:\/\/www.jvp-krizevci.hr\/index.php?rest_route=\/wp\/v2\/users\/1"}],"replies":[{"embeddable":true,"href":"https:\/\/www.jvp-krizevci.hr\/index.php?rest_route=%2Fwp%2Fv2%2Fcomments&post=1709"}],"version-history":[{"count":8,"href":"https:\/\/www.jvp-krizevci.hr\/index.php?rest_route=\/wp\/v2\/pages\/1709\/revisions"}],"predecessor-version":[{"id":1755,"href":"https:\/\/www.jvp-krizevci.hr\/index.php?rest_route=\/wp\/v2\/pages\/1709\/revisions\/1755"}],"wp:attachment":[{"href":"https:\/\/www.jvp-krizevci.hr\/index.php?rest_route=%2Fwp%2Fv2%2Fmedia&parent=1709"}],"curies":[{"name":"wp","href":"https:\/\/api.w.org\/{rel}","templated":true}]}}