{"id":172,"date":"2012-11-16T20:31:32","date_gmt":"2012-11-16T20:31:32","guid":{"rendered":"http:\/\/www.jvp-krizevci.hr\/?page_id=172"},"modified":"2015-01-13T12:15:36","modified_gmt":"2015-01-13T11:15:36","slug":"vzo-sv-ivan-zabno","status":"publish","type":"page","link":"https:\/\/www.jvp-krizevci.hr\/?page_id=172","title":{"rendered":"VZO Sv. IVAN \u017dABNO"},"content":{"rendered":"<p>Vatrogasna zajednica op\u0107ine Sveti Ivan \u017dabno osnovana je 1994. godine i u nju su udru\u017eena slijede\u0107a dobrovoljna vatrogasna dru\u0161tva:<\/p>\n<div align=\"center\">\n<table border=\"1\" cellspacing=\"0\" cellpadding=\"0\">\n<tbody>\n<tr>\n<td width=\"50\">\n<p align=\"center\"><strong>R.br.<\/strong><\/p>\n<\/td>\n<td width=\"156\">\n<p align=\"center\"><strong>DVD<\/strong><\/p>\n<\/td>\n<td width=\"113\">\n<p align=\"center\"><strong>God. osnutka<\/strong><\/p>\n<\/td>\n<td width=\"142\">\n<p align=\"center\"><strong>Predsjednik<\/strong><\/p>\n<\/td>\n<td width=\"155\">\n<p align=\"center\"><strong>Zapovjednik \u00a0<\/strong><\/p>\n<\/td>\n<\/tr>\n<tr>\n<td width=\"50\">\n<p align=\"right\">1.<\/p>\n<\/td>\n<td width=\"156\">Brezovljani<\/td>\n<td width=\"113\">\n<p align=\"center\">1936.<\/p>\n<\/td>\n<td width=\"142\">Halu\u017ean Predrag<\/td>\n<td width=\"155\">Gidi\u0107\u00a0 \u017deljko<\/td>\n<\/tr>\n<tr>\n<td width=\"50\">\n<p align=\"right\">2.<\/p>\n<\/td>\n<td width=\"156\">Cepidlak<\/td>\n<td width=\"113\">\n<p align=\"center\">1934.<\/p>\n<\/td>\n<td width=\"142\">Tabor\u010dan \u017deljko<\/td>\n<td width=\"155\">Feren\u010dina Dario<\/td>\n<\/tr>\n<tr>\n<td width=\"50\">\n<p align=\"right\">3.<\/p>\n<\/td>\n<td width=\"156\">Cirkvena<\/td>\n<td width=\"113\">\n<p align=\"center\">1892.<\/p>\n<\/td>\n<td width=\"142\">Petrinjak Stjepan<\/td>\n<td width=\"155\">Kopjar Dragutin<\/td>\n<\/tr>\n<tr>\n<td width=\"50\">\n<p align=\"right\">4.<\/p>\n<\/td>\n<td width=\"156\">Hrsovo<\/td>\n<td width=\"113\">\n<p align=\"center\">1932.<\/p>\n<\/td>\n<td width=\"142\">Ku\u0107era Nikola<\/td>\n<td width=\"155\">Medved Tomislav<\/td>\n<\/tr>\n<tr>\n<td width=\"50\">\n<p align=\"right\">5.<\/p>\n<\/td>\n<td width=\"156\">Ladinec<\/td>\n<td width=\"113\">\n<p align=\"center\">1950.<\/p>\n<\/td>\n<td width=\"142\">Tem\u0161i\u0107 Zdravko<\/td>\n<td width=\"155\">Kunjek\u00a0 Ivan<\/td>\n<\/tr>\n<tr>\n<td width=\"50\">\n<p align=\"right\">6.<\/p>\n<\/td>\n<td width=\"156\">Trema Dvori\u0161\u0107e<\/td>\n<td width=\"113\">\n<p align=\"center\">1933.<\/p>\n<\/td>\n<td width=\"142\">Oguman Vladimir<\/td>\n<td width=\"155\">Neme\u010dek Vinko<\/td>\n<\/tr>\n<tr>\n<td width=\"50\">\n<p align=\"right\">7.<\/p>\n<\/td>\n<td width=\"156\">Trema Meda\u010devo<\/td>\n<td width=\"113\">\n<p align=\"center\">1952.<\/p>\n<\/td>\n<td width=\"142\">Hartman Franjo<\/td>\n<td width=\"155\">Benjak Franjo<\/td>\n<\/tr>\n<tr>\n<td width=\"50\">\n<p align=\"right\">8.<\/p>\n<\/td>\n<td width=\"156\">Trema Budilovo<\/td>\n<td width=\"113\"><\/td>\n<td width=\"142\">Lovrekovi\u0107 \u017deljko<\/td>\n<td width=\"155\">Rumenjak Zvonko<\/td>\n<\/tr>\n<tr>\n<td width=\"50\">\n<p align=\"right\">9.<\/p>\n<\/td>\n<td width=\"156\">Sveti Petar \u010cvrstec<\/td>\n<td width=\"113\">\n<p align=\"center\">1938.<\/p>\n<\/td>\n<td width=\"142\">Dvorski Vido<\/td>\n<td width=\"155\">Humek Marko<\/td>\n<\/tr>\n<tr>\n<td width=\"50\">\n<p align=\"right\">10.<\/p>\n<\/td>\n<td width=\"156\">Sveti Ivan \u017dabno<\/td>\n<td width=\"113\">\n<p align=\"center\">1892.<\/p>\n<\/td>\n<td width=\"142\">Ku\u010dina Zvonimir<\/td>\n<td width=\"155\">Todorovi\u0107 Darko<\/td>\n<\/tr>\n<\/tbody>\n<\/table>\n<\/div>\n<p>Predsjednik Zajednice je Nikola Radulec (DVD Cirkvena), Tajnik Zvonko Rumenjak (DVD Trema Budilovo) a Zapovjednik Ivan Kunjek (DVD Ladinec).<\/p>\n<p>Dobrovoljna vatrogasna dru\u0161tva Zajednice raspola\u017eu sa slijede\u0107im vatrogasnim vozilima:<\/p>\n<div align=\"center\">\n<table border=\"1\" cellspacing=\"0\" cellpadding=\"0\">\n<tbody>\n<tr>\n<td width=\"53\">\n<p align=\"center\"><strong>R.br.<\/strong><\/p>\n<\/td>\n<td width=\"208\">\n<p align=\"center\"><strong>DVD<\/strong><\/p>\n<\/td>\n<td width=\"359\">\n<p align=\"center\"><strong>Vatrogasna vozila<\/strong><\/p>\n<\/td>\n<\/tr>\n<tr>\n<td width=\"53\">\n<p align=\"right\">1.<\/p>\n<\/td>\n<td width=\"208\">Brezovljani<\/td>\n<td width=\"359\"><\/td>\n<\/tr>\n<tr>\n<td width=\"53\">\n<p align=\"right\">2.<\/p>\n<\/td>\n<td width=\"208\">Cepidlak<\/td>\n<td width=\"359\"><\/td>\n<\/tr>\n<tr>\n<td width=\"53\">\n<p align=\"right\">3.<\/p>\n<\/td>\n<td width=\"208\">Cirkvena<\/td>\n<td width=\"359\"><\/td>\n<\/tr>\n<tr>\n<td width=\"53\">\n<p align=\"right\">4.<\/p>\n<\/td>\n<td width=\"208\">Hrsovo<\/td>\n<td width=\"359\"><\/td>\n<\/tr>\n<tr>\n<td width=\"53\">\n<p align=\"right\">5.<\/p>\n<\/td>\n<td width=\"208\">Ladinec<\/td>\n<td width=\"359\"><\/td>\n<\/tr>\n<tr>\n<td width=\"53\">\n<p align=\"right\">6.<\/p>\n<\/td>\n<td width=\"208\">Trema Dvori\u0161\u0107e<\/td>\n<td width=\"359\"><\/td>\n<\/tr>\n<tr>\n<td width=\"53\">\n<p align=\"right\">7.<\/p>\n<\/td>\n<td width=\"208\">Trema Meda\u010devo<\/td>\n<td width=\"359\"><\/td>\n<\/tr>\n<tr>\n<td width=\"53\">\n<p align=\"right\">8.<\/p>\n<\/td>\n<td width=\"208\">Trema Budilovo<\/td>\n<td width=\"359\"><\/td>\n<\/tr>\n<tr>\n<td width=\"53\">\n<p align=\"right\">9.<\/p>\n<\/td>\n<td width=\"208\">Sveti Petar \u010cvrstec<\/td>\n<td width=\"359\"><\/td>\n<\/tr>\n<tr>\n<td width=\"53\">\n<p align=\"right\">10.<\/p>\n<\/td>\n<td width=\"208\">Sveti Ivan \u017dabno<\/td>\n<td width=\"359\"><\/td>\n<\/tr>\n<\/tbody>\n<\/table>\n<\/div>\n<p>&nbsp;<\/p>\n","protected":false},"excerpt":{"rendered":"<p>Vatrogasna zajednica op\u0107ine Sveti Ivan \u017dabno osnovana je 1994. godine i u nju su udru\u017eena slijede\u0107a dobrovoljna vatrogasna dru\u0161tva: R.br. DVD God. osnutka Predsjednik Zapovjednik \u00a0 1. Brezovljani 1936. Halu\u017ean Predrag Gidi\u0107\u00a0 \u017deljko 2. Cepidlak 1934. Tabor\u010dan \u017deljko Feren\u010dina Dario &hellip; <a href=\"https:\/\/www.jvp-krizevci.hr\/?page_id=172\">Nastavi \u010ditati <span class=\"meta-nav\">&rarr;<\/span><\/a><\/p>\n","protected":false},"author":1,"featured_media":0,"parent":0,"menu_order":0,"comment_status":"open","ping_status":"open","template":"onecolumn-page.php","meta":{"ngg_post_thumbnail":0,"footnotes":""},"class_list":["post-172","page","type-page","status-publish","hentry"],"_links":{"self":[{"href":"https:\/\/www.jvp-krizevci.hr\/index.php?rest_route=\/wp\/v2\/pages\/172","targetHints":{"allow":["GET"]}}],"collection":[{"href":"https:\/\/www.jvp-krizevci.hr\/index.php?rest_route=\/wp\/v2\/pages"}],"about":[{"href":"https:\/\/www.jvp-krizevci.hr\/index.php?rest_route=\/wp\/v2\/types\/page"}],"author":[{"embeddable":true,"href":"https:\/\/www.jvp-krizevci.hr\/index.php?rest_route=\/wp\/v2\/users\/1"}],"replies":[{"embeddable":true,"href":"https:\/\/www.jvp-krizevci.hr\/index.php?rest_route=%2Fwp%2Fv2%2Fcomments&post=172"}],"version-history":[{"count":10,"href":"https:\/\/www.jvp-krizevci.hr\/index.php?rest_route=\/wp\/v2\/pages\/172\/revisions"}],"predecessor-version":[{"id":1214,"href":"https:\/\/www.jvp-krizevci.hr\/index.php?rest_route=\/wp\/v2\/pages\/172\/revisions\/1214"}],"wp:attachment":[{"href":"https:\/\/www.jvp-krizevci.hr\/index.php?rest_route=%2Fwp%2Fv2%2Fmedia&parent=172"}],"curies":[{"name":"wp","href":"https:\/\/api.w.org\/{rel}","templated":true}]}}