{"id":178,"date":"2012-11-16T20:32:34","date_gmt":"2012-11-16T20:32:34","guid":{"rendered":"http:\/\/www.jvp-krizevci.hr\/?page_id=178"},"modified":"2012-12-15T21:22:30","modified_gmt":"2012-12-15T21:22:30","slug":"povijest","status":"publish","type":"page","link":"https:\/\/www.jvp-krizevci.hr\/?page_id=178","title":{"rendered":"POVIJEST"},"content":{"rendered":"<p style=\"text-align: justify;\"><a href=\"https:\/\/www.jvp-krizevci.hr\/?attachment_id=358\" rel=\"attachment wp-att-358\"><img loading=\"lazy\" decoding=\"async\" class=\"alignleft  wp-image-358\" title=\"Grb JVP KZ5-1\" alt=\"\" src=\"https:\/\/www.jvp-krizevci.hr\/wp-content\/uploads\/2012\/11\/Grb-JVP-KZ5-1-225x300.png\" width=\"176\" height=\"234\" srcset=\"https:\/\/www.jvp-krizevci.hr\/wp-content\/uploads\/2012\/11\/Grb-JVP-KZ5-1-225x300.png 225w, https:\/\/www.jvp-krizevci.hr\/wp-content\/uploads\/2012\/11\/Grb-JVP-KZ5-1.png 676w\" sizes=\"auto, (max-width: 176px) 100vw, 176px\" \/><\/a>Kao \u0161to je tradicija dobrovoljnog vatrogastva na ovom podru\u010dju vrlo duga tako se je o profesionalnom vatrogastvu po\u010delo razmi\u0161ljati kada u mnogim drugim ve\u0107im sredinama jo\u0161 nije bilo pravo ustrojeno ni dobrovoljno vatrogastvo.<\/p>\n<p style=\"text-align: justify;\">Tako je ve\u0107 od 1969. godine u tada\u0161njem Vatrogasnom savezu op\u0107ine Kri\u017eevci bio je zaposlen Zapovjednik brigade i jedan vatrogasac-voza\u010d koji je ujedno bio i mehani\u010dar te je vodio ra\u010duna o tada\u0161njoj opremi, a obavljao je i niz drugih poslova vezanih uz vatrogastvo. Razvojem samoga grada i industrije ukazala se potreba za osnivanjem profesionalne vatrogasne jedinice pri DVD-u Kri\u017eevci, te je na inicijativu tada\u0161njeg Vatrogasnog saveza op\u0107ine Kri\u017eevci, Skup\u0161tina op\u0107ine Kri\u017eevci donijela 24. prosinca 1971. godine Odluku o osnivanju Profesionalne vatrogasne jedinice pri DVD-u. Tom Odlukom bilo je predvi\u0111eno da u PVJ mo\u017ee biti zaposleno 13 vatrogasaca sa na\u010delnikom koji je ujedno i zapovjednik PVJ, a u samim za\u010decima Profesionalna vatrogasna jedinica zapo\u0161ljavala je sedam vatrogasaca. U ga\u0161enju po\u017eara, te ostalim intervencijama koristila se oprema u vlasni\u0161tvu DVD-a Kri\u017eevci, a sjedi\u0161te PVJ bilo je u prostorijama dvori\u0161ne zgrade DVD-a. Profesionalni vatrogasci sudjeluju u ga\u0161enju svih po\u017eara na podru\u010dju biv\u0161e op\u0107ine Kri\u017eevci, a kod ve\u0107ih intervencija na pripomo\u0107i su im \u010dlanovi DVD-a.<\/p>\n<p style=\"text-align: justify;\">Osnivanjem SIZ-a za protupo\u017earnu za\u0161titu op\u0107ine Kri\u017eevci, 25.o\u017eujka 1975. godine znatno se je pobolj\u0161alo pitanje financiranja kako dobrovoljnog, tako i profesionalnog vatrogastva, pa je u tom vremenskom periodu nabavljena znatna oprema i tehnika sa kojom postrojba i danas raspola\u017ee.<\/p>\n<p style=\"text-align: justify;\">Daljnjom reorganizacijom na prijedlog profesionalne vatrogasne jezgre i uz podr\u0161ku Vatrogasnog saveza op\u0107ine Kri\u017eevci, Skup\u0161tina op\u0107ine Kri\u017eevci na sjednicama svih triju vije\u0107a odr\u017eanim 19. lipnja 1979. godine donosi Odluku o osnivanju Op\u0107inskog centra za za\u0161titu od po\u017eara Kri\u017eevci, \u010dime je izvr\u0161ena preobrazba ranije Profesionalne vatrogasne jedinice pri DVD-u Kri\u017eevci. Na temelju te Odluke centar je donosio svoje samoupravne op\u0107e akte od kojih su neki bili podlo\u017eni suglasnosti Izvr\u0161nog vije\u0107a Skup\u0161tine op\u0107ine, a na\u010delnika je imenovala Skup\u0161tina op\u0107ine. Od te godine u Centru je zaposleno 13 djelatnika. Nabavom novih vozila, opreme i tehnike bilo je samo pitanje vremena kada \u0107e se po\u010deti razmi\u0161ljati o izgradnji nove zgrade Centra sa gara\u017enim prostorom. Godine 1985. prikupljena su i prva financijska sredstva za koja je izra\u0111ena tehni\u010dka dokumentacija te ispitivanje terena za novu zgradu vatrogasnog centra. Zahvaljuju\u0107i razumijevanju \u010delnih ljudi u tada\u0161njem SIZ-u za za\u0161titu od po\u017eara op\u0107ine, po\u010detak radova izgradnje Centra otpo\u010deo je u jesen 1989. godine, a gradnja istog zavr\u0161ena je 1991. godine. Polovicom devetog mjeseca 1991 godine izvr\u0161eno je preseljenje iz starog u novi objekt. Tim preseljenjem znatno su pobolj\u0161ani uvjeti rada koji nisu bili u starom objektu, te znatno pobolj\u0161ani uvjeti gara\u017eiranja vatrogasnih vozila, servisiranja vatrogasne opreme i tehnike, te odr\u017eavanja vatrogasnih aparata.<\/p>\n<p style=\"text-align: justify;\">Novim ustrojem Republike Hrvatske, izvr\u0161en je i novi ustroj u vatrogastvu. Donesena su dva nova zakona iz ovog podru\u010dja, Zakon o za\u0161titi od po\u017eara i Zakon o vatrogastvu prema kojem cjelokupno vatrogastvo prelazi pod nadle\u017enost Ministarstva unutarnjih poslova Republike Hrvatske. Biv\u0161a op\u0107ina Kri\u017eevci podijeljena je u tri nove op\u0107ine i kao takva u\u0161la je u sastav Koprivni\u010dko-kri\u017eeva\u010dke \u017eupanije. Profesionalno vatrogastvo, odnosno Op\u0107inski centar za za\u0161titu od po\u017eara Kri\u017eevci potpao je pod nadle\u017enost MUP-a RH PU Koprivni\u010dko-kri\u017eeva\u010dke i promijenio naziv u Vatrogasna postaja Kri\u017eevci.<\/p>\n<p style=\"text-align: justify;\">Kako bi se \u0161to kvalitetnije i bolje u praksi provodio Zakon o za\u0161titi od po\u017eara i Zakon o vatrogastvu, te s obzirom na pove\u0107ane po\u017earne opasnosti na podru\u010dju op\u0107ine razvojem i otvaranjem mnogih novih privatnih poduze\u0107a, do\u0161lo se do zaklju\u010dka da je potrebno popuniti radna mjesta sa novim operativnim djelatnicima, te je novom sistematizacijom MUP-a odre\u0111eno da u Vatrogasnoj postaji Kri\u017eevci budu uposlena 23 djelatnika i to: 21 operativni djelatnik, zapovjednik postaje i sprema\u010dica. Ista sistematizacija u potpunosti je popunjena, a samim time pove\u0107ana je mobilnost te intervencijska spremnost postrojbe neprekidnim de\u017eurstvom kroz 24 sata, koje je organizirano u 4 smjene sa po pet djelatnika u svakoj smjeni.<\/p>\n<p style=\"text-align: justify;\">Kroz sve to razdoblje vodilo se uvijek ra\u010duna o nabavci vatrogasne opreme i tehnike, te postrojba raspola\u017ee sa 9 vatrogasnih vozila, od kojih su 1 zapovjedno, a 8 interventnih. Od 8 interventnih vozila, \u010detiri su vlasni\u0161tvo DVD-a Kri\u017eevci dana na kori\u0161tenje Vatrogasnoj postaji Kri\u017eevci. O kompletnoj vatrogasnoj opremi i tehnici vodi se uvijek ra\u010duna tako da u svakom trenutku bude na pomo\u0107i onima kojima je najpotrebnija. Pored gore navedenih vatrogasnih vozila, ova postaja raspola\u017ee i sa velikim dijelom ostale vatrogasne opreme i tehnike. Prelaskom pod MUP-a nabavljena je kompletna za\u0161titna i radna odje\u0107a i obu\u0107a, aparati za za\u0161titu di\u0161nih organa, kompresor za punjenje aparata za za\u0161titu di\u0161nih organa, nabavljeno je zapovjedno vozilo &#8220;Golf&#8221;, ve\u0107i broj aramatura (mlaznice, razdjelnice, prelaznice, cijevi), te je u potpunosti opremljen servis vatrogasnih aparata.<\/p>\n<p style=\"text-align: justify;\">Ustrojavanjem profesionalne vatrogasne postaje sa ovolikim brojem profesionalnih vatrogasaca, sve manje je bilo potreba za anga\u017eiranjem \u010dlanova DVD-a Kri\u017eevci i bli\u017eih dobrovoljnih vatrogasnih dru\u0161tava prilikom vatrogasnih intervencija, ali je opet takav ustroj nametnuo novi na\u010din djelovanja, baziraju\u0107i se prvenstveno na preventivne aktivnosti dru\u0161tava.<\/p>\n<p style=\"text-align: justify;\">No bez obzira na takav na\u010din djelovanja, i dalje je nastavljena uspje\u0161na suradnja sa dobrovoljnim vatrogasnim dru\u0161tvima sa po\u017earnog podru\u010dja Kri\u017eevaca kao i Vatrogasnom zajednicom grada Kri\u017eevaca, a posebice sa \u010dlanovima DVD-a Kri\u017eevci. Suradnja se o\u010dituje prvenstveno u odr\u017eavanju vatrogasne opreme i tehnike, te uklju\u010divanjem djelatnika profesionalne vatrogasne postaje u rad dobrovoljnih vatrogasnih dru\u0161tava, preko osposobljavanja i obu\u010davanja kadrova, sudjelovanja na natjecanjima, javnim vje\u017ebama, obilje\u017eavanja obljetnica i sli\u010dnim aktivnostima.<\/p>\n<p style=\"text-align: justify;\">Stupanjem na snagu novog Zakona o vatrogastvu kojega je donio zastupni\u010dki dom Hrvatskog dr\u017eavnog sabora 01. listopada 1999. godine, a koji je u primjeni od 01. sije\u010dnja 2000. godine, profesionalne vatrogasne postrojbe \u2013 postaje i ispostave Ministarstva unutarnjih poslova nastavljaju sa radom kao javne vatrogasne postrojbe op\u0107ine ili grada u kojima su sjedi\u0161ta tih postrojbi \u2013 postaja i ispostava. Tako je i Grad Kri\u017eevci donio Odluku o osnivanju Javne vatrogasne postrojbe Grada Kri\u017eevaca, koja samostalno djeluje od 01. sije\u010dnja 2000. godine.<\/p>\n<p style=\"text-align: justify;\">U kona\u010dnici ovakav ustroj je donekle vra\u0107anje na ustroj kakav je bio do 1994. godine, prije ulaska profesionalnih vatrogasnih postrojbi u sastav MUP-a, a to zna\u010di ve\u0107e okretanje prema lokalnoj samoupravi, podru\u010dju i okolnostima na kojem postrojba djeluje.<\/p>\n","protected":false},"excerpt":{"rendered":"<p>Kao \u0161to je tradicija dobrovoljnog vatrogastva na ovom podru\u010dju vrlo duga tako se je o profesionalnom vatrogastvu po\u010delo razmi\u0161ljati kada u mnogim drugim ve\u0107im sredinama jo\u0161 nije bilo pravo ustrojeno ni dobrovoljno vatrogastvo. Tako je ve\u0107 od 1969. godine u &hellip; <a href=\"https:\/\/www.jvp-krizevci.hr\/?page_id=178\">Nastavi \u010ditati <span class=\"meta-nav\">&rarr;<\/span><\/a><\/p>\n","protected":false},"author":1,"featured_media":0,"parent":0,"menu_order":0,"comment_status":"closed","ping_status":"closed","template":"onecolumn-page.php","meta":{"ngg_post_thumbnail":0,"footnotes":""},"class_list":["post-178","page","type-page","status-publish","hentry"],"_links":{"self":[{"href":"https:\/\/www.jvp-krizevci.hr\/index.php?rest_route=\/wp\/v2\/pages\/178","targetHints":{"allow":["GET"]}}],"collection":[{"href":"https:\/\/www.jvp-krizevci.hr\/index.php?rest_route=\/wp\/v2\/pages"}],"about":[{"href":"https:\/\/www.jvp-krizevci.hr\/index.php?rest_route=\/wp\/v2\/types\/page"}],"author":[{"embeddable":true,"href":"https:\/\/www.jvp-krizevci.hr\/index.php?rest_route=\/wp\/v2\/users\/1"}],"replies":[{"embeddable":true,"href":"https:\/\/www.jvp-krizevci.hr\/index.php?rest_route=%2Fwp%2Fv2%2Fcomments&post=178"}],"version-history":[{"count":8,"href":"https:\/\/www.jvp-krizevci.hr\/index.php?rest_route=\/wp\/v2\/pages\/178\/revisions"}],"predecessor-version":[{"id":721,"href":"https:\/\/www.jvp-krizevci.hr\/index.php?rest_route=\/wp\/v2\/pages\/178\/revisions\/721"}],"wp:attachment":[{"href":"https:\/\/www.jvp-krizevci.hr\/index.php?rest_route=%2Fwp%2Fv2%2Fmedia&parent=178"}],"curies":[{"name":"wp","href":"https:\/\/api.w.org\/{rel}","templated":true}]}}