{"id":1854,"date":"2018-10-16T12:08:46","date_gmt":"2018-10-16T11:08:46","guid":{"rendered":"http:\/\/www.jvp-krizevci.hr\/?page_id=1854"},"modified":"2021-02-03T10:55:58","modified_gmt":"2021-02-03T09:55:58","slug":"pravilnici","status":"publish","type":"page","link":"https:\/\/www.jvp-krizevci.hr\/?page_id=1854","title":{"rendered":"Pravilnici"},"content":{"rendered":"<p><a href=\"https:\/\/www.jvp-krizevci.hr\/wp-content\/uploads\/2021\/02\/Statut-JVP-K\u017d-2020..pdf\">Statut JVP Kri\u017eevci &#8211; 2020<\/a><\/p>\n<p><a href=\"https:\/\/www.jvp-krizevci.hr\/wp-content\/uploads\/2018\/12\/Pravilnik-o-pla\u0107ama.pdf\">Pravilnik o pla\u0107ama &#8211; 2021<\/a><\/p>\n<p><a href=\"https:\/\/www.jvp-krizevci.hr\/wp-content\/uploads\/2021\/02\/Pravilnik-o-radu-2021..doc\">Pravilnik o radu &#8211; 2021<\/a><\/p>\n<p><a href=\"https:\/\/www.jvp-krizevci.hr\/wp-content\/uploads\/2021\/02\/Pravilnik-o-unutarnjem-ustroju-2021..doc\">Pravilnik o unutarnjem ustroju &#8211; 2021<\/a><\/p>\n\n\n<p><a rel=\"noreferrer noopener\" aria-label=\" (otvara se u novoj kartici)\" href=\"https:\/\/www.jvp-krizevci.hr\/wp-content\/uploads\/2021\/02\/PRAVILNIK-o-arhiviranju-JVP-K\u017d-2020..pdf\" target=\"_blank\">Pravilnik o arhiviranju JVP K\u017d \u00a02020<\/a><\/p>\n\n\n\n<p><a href=\"https:\/\/www.jvp-krizevci.hr\/wp-content\/uploads\/2021\/02\/Pravilnik-o-jednostavnoj-nabavi-2020..pdf\" target=\"_blank\" rel=\"noreferrer noopener\" aria-label=\" (otvara se u novoj kartici)\">Pravilnik o jednostavnoj nabavi &nbsp;2020<\/a><\/p>\n\n\n","protected":false},"excerpt":{"rendered":"<p>Statut JVP Kri\u017eevci &#8211; 2020 Pravilnik o pla\u0107ama &#8211; 2021 Pravilnik o radu &#8211; 2021 Pravilnik o unutarnjem ustroju &#8211; 2021 Pravilnik o arhiviranju JVP K\u017d \u00a02020 Pravilnik o jednostavnoj nabavi &nbsp;2020<\/p>\n","protected":false},"author":1,"featured_media":0,"parent":0,"menu_order":0,"comment_status":"closed","ping_status":"closed","template":"","meta":{"ngg_post_thumbnail":0,"footnotes":""},"class_list":["post-1854","page","type-page","status-publish","hentry"],"_links":{"self":[{"href":"https:\/\/www.jvp-krizevci.hr\/index.php?rest_route=\/wp\/v2\/pages\/1854","targetHints":{"allow":["GET"]}}],"collection":[{"href":"https:\/\/www.jvp-krizevci.hr\/index.php?rest_route=\/wp\/v2\/pages"}],"about":[{"href":"https:\/\/www.jvp-krizevci.hr\/index.php?rest_route=\/wp\/v2\/types\/page"}],"author":[{"embeddable":true,"href":"https:\/\/www.jvp-krizevci.hr\/index.php?rest_route=\/wp\/v2\/users\/1"}],"replies":[{"embeddable":true,"href":"https:\/\/www.jvp-krizevci.hr\/index.php?rest_route=%2Fwp%2Fv2%2Fcomments&post=1854"}],"version-history":[{"count":10,"href":"https:\/\/www.jvp-krizevci.hr\/index.php?rest_route=\/wp\/v2\/pages\/1854\/revisions"}],"predecessor-version":[{"id":2430,"href":"https:\/\/www.jvp-krizevci.hr\/index.php?rest_route=\/wp\/v2\/pages\/1854\/revisions\/2430"}],"wp:attachment":[{"href":"https:\/\/www.jvp-krizevci.hr\/index.php?rest_route=%2Fwp%2Fv2%2Fmedia&parent=1854"}],"curies":[{"name":"wp","href":"https:\/\/api.w.org\/{rel}","templated":true}]}}