{"id":193,"date":"2012-11-16T20:40:10","date_gmt":"2012-11-16T20:40:10","guid":{"rendered":"http:\/\/www.jvp-krizevci.hr\/?page_id=193"},"modified":"2012-12-15T21:16:34","modified_gmt":"2012-12-15T21:16:34","slug":"vatrogasci-porucuju-2","status":"publish","type":"page","link":"https:\/\/www.jvp-krizevci.hr\/?page_id=193","title":{"rendered":"VATROGASCI PORU\u010cUJU"},"content":{"rendered":"<p><strong><a href=\"https:\/\/www.jvp-krizevci.hr\/wp-content\/uploads\/2012\/11\/4225566511_287e00c66d.jpg\"><img loading=\"lazy\" decoding=\"async\" class=\"size-full wp-image-714 alignleft\" alt=\"4225566511_287e00c66d\" src=\"https:\/\/www.jvp-krizevci.hr\/wp-content\/uploads\/2012\/11\/4225566511_287e00c66d.jpg\" width=\"192\" height=\"144\" srcset=\"https:\/\/www.jvp-krizevci.hr\/wp-content\/uploads\/2012\/11\/4225566511_287e00c66d.jpg 500w, https:\/\/www.jvp-krizevci.hr\/wp-content\/uploads\/2012\/11\/4225566511_287e00c66d-300x225.jpg 300w, https:\/\/www.jvp-krizevci.hr\/wp-content\/uploads\/2012\/11\/4225566511_287e00c66d-160x120.jpg 160w\" sizes=\"auto, (max-width: 192px) 100vw, 192px\" \/><\/a><\/strong><\/p>\n<p><span style=\"color: #ff0000;\"><strong>ZA\u0160TITA OD PO\u017dARA SASTAVNI JE DIO VA\u0160EG KU\u0106ANSTVA !<\/strong><\/span><\/p>\n<ul>\n<li>U slu\u010daju izbijanja po\u017eara budite prisebni, ne stvarajte paniku. \u0160to prije isklju\u010dite elektri\u010dnu energiju, zatvorite dovod plina ili dotok zapaljivih teku\u0107ina.<\/li>\n<li>Koristite samo ispravne elektri\u010dne instalacije i osigura\u010de, nemojte ih \u00bbKRPATI\u00ab.<\/li>\n<li>Omogu\u0107ite redoviti pregled dimnjaka i dimovodnih kanala.<\/li>\n<li>Zapaljene cigarete, opu\u0161ke ili \u0161ibice ne bacajte u ko\u0161aru za otpatke ni kroz prozor, ne pu\u0161ite u krevetu.<\/li>\n<li>U stanu, podrumu ili na tavanu ne dr\u017eite zapaljive i eksplozivne tvari.<\/li>\n<li>Djecu ne ostavljajte u ku\u0107i samu i bez nadzora\u00a0 a \u0161ibice, upalja\u010de i ostale zapaljive tvari dr\u017eite izvan njihova dohvata.<\/li>\n<li>Neka va\u0161i elektri\u010dni ku\u0107anski aparati budu uvijek ispravni.<\/li>\n<li>Pri kori\u0161tenju ku\u0107anskih elektri\u010dnih ili plinskih aparata pridr\u017eavajte se upute proizvo\u0111a\u010da.<\/li>\n<li>Kada na dulje vrijeme odlazite iz stana \u2014 isklju\u010dite sve ku\u0107anske aparate, to isto u\u010dinite i u slu\u010daju jake grmljavine.<\/li>\n<\/ul>\n<p><span style=\"color: #ff0000;\"><strong>NAU\u010cITE RUKOVATI APARATOM ZA PO\u010cETNO GA\u0160ENJE PO\u017dARA !<\/strong><\/span><\/p>\n<ul>\n<li>Aparat za po\u010detno ga\u0161enje po\u017eara u svakom ku\u0107anstvu \u2014 va\u0161a sigurnost.<\/li>\n<\/ul>\n<p><strong>\u00a0<span style=\"color: #ff0000;\">POLJOPRIVREDNICI !<\/span><\/strong><\/p>\n<ul>\n<li>Budite osobito oprezni prilikom spaljivanja korova.<\/li>\n<li>Spaljujte ga u danu kada nema vjetra i kada je ni\u017ea temperatura.<\/li>\n<li>Korov i otpatke spaljujte na prostoru gdje se ne ugro\u017eavaju gospodarski objekti, \u0161ume, vinogradi, \u017eitna polja i sli\u010dne povr\u0161ine.<\/li>\n<li>Najve\u0107a opasnost za \u017eitna polja nastaju u doba \u017eetve \u2014 zato dobro provjerite ispravnost kombajna, traktora i ostalih vozila koja sudjeluju u \u017eetvi. Dobro ih o\u010distite. Opremite ih APARATOM ZA PO\u010cETNO GA\u0160ENJE PO\u017dARA !<\/li>\n<li>Pazite gdje dr\u017eite traktor, jer on mo\u017ee izazvati po\u017ear u nadstre\u0161nicama i \u0161upama.<\/li>\n<li>Pa\u017eljivo preta\u010dite zapaljive teku\u0107ine.<\/li>\n<li>Na \u017eitnim poljima \u2014 pu\u0161enje nije po\u017eeljno.<\/li>\n<li>Improviziranoj su\u0161ionici mesa nije mjesto na tavanu \u2014 \u010desti je uzrok velikih po\u017eara.<\/li>\n<\/ul>\n<p><span style=\"color: #ff0000;\"><strong><a href=\"https:\/\/www.jvp-krizevci.hr\/wp-content\/uploads\/2012\/11\/crownfire.ashx_.jpg\"><img loading=\"lazy\" decoding=\"async\" class=\"alignleft size-full wp-image-715\" alt=\"crownfire.ashx\" src=\"https:\/\/www.jvp-krizevci.hr\/wp-content\/uploads\/2012\/11\/crownfire.ashx_.jpg\" width=\"211\" height=\"121\" srcset=\"https:\/\/www.jvp-krizevci.hr\/wp-content\/uploads\/2012\/11\/crownfire.ashx_.jpg 892w, https:\/\/www.jvp-krizevci.hr\/wp-content\/uploads\/2012\/11\/crownfire.ashx_-300x172.jpg 300w\" sizes=\"auto, (max-width: 211px) 100vw, 211px\" \/><\/a>\u010cUVAJMO NA\u0160E \u0160UME !<\/strong><\/span><\/p>\n<p><strong><span style=\"color: #ff0000;\">\u0160UME SU ZNA\u010cAJNO DRU\u0160TVENO BOGATSTVO I ZATO JE ZA\u0160TITA \u0160UMA<\/span> <span style=\"color: #ff0000;\">OD PO\u017dARA BRIGA SVIH NJENIH KORISNIKA<\/span><\/strong><\/p>\n<ul>\n<li>Nikada ne bacajte kroz prozor automobila ili vlaka upaljenu \u0161ibicu ili cigaretu.<\/li>\n<li>U \u0161umi je zabranjeno lo\u017eenje vatre.<\/li>\n<li>Ro\u0161tilj u \u0161umi ne ostavljajte bez nadzora.<\/li>\n<\/ul>\n<p><span style=\"color: #ff0000;\"><strong>AKO SE IPAK DOGODI PO\u017dAR &#8211; ZOVITE VATROGASCE NA BROJ 193,\u00a0 A\u00a0 DO\u00a0 DOLASKA VATROGASACA:<\/strong><\/span><\/p>\n<ul>\n<li>Uklju\u010dite se sami u ga\u0161enju po\u017eara.<\/li>\n<li>Spa\u0161avajte ugro\u017eene osobe, bolesnike, starce i djecu.<\/li>\n<li>Odstranite zapaljive tvari (boce s plinom, zapaljive teku\u0107ine i sl.).<\/li>\n<li>Isklju\u010dite sve plinske i elektro ure\u0111aje.<\/li>\n<\/ul>\n<p>&nbsp;<\/p>\n","protected":false},"excerpt":{"rendered":"<p>ZA\u0160TITA OD PO\u017dARA SASTAVNI JE DIO VA\u0160EG KU\u0106ANSTVA ! U slu\u010daju izbijanja po\u017eara budite prisebni, ne stvarajte paniku. \u0160to prije isklju\u010dite elektri\u010dnu energiju, zatvorite dovod plina ili dotok zapaljivih teku\u0107ina. Koristite samo ispravne elektri\u010dne instalacije i osigura\u010de, nemojte ih \u00bbKRPATI\u00ab. &hellip; <a href=\"https:\/\/www.jvp-krizevci.hr\/?page_id=193\">Nastavi \u010ditati <span class=\"meta-nav\">&rarr;<\/span><\/a><\/p>\n","protected":false},"author":1,"featured_media":0,"parent":0,"menu_order":0,"comment_status":"closed","ping_status":"closed","template":"onecolumn-page.php","meta":{"ngg_post_thumbnail":0,"footnotes":""},"class_list":["post-193","page","type-page","status-publish","hentry"],"_links":{"self":[{"href":"https:\/\/www.jvp-krizevci.hr\/index.php?rest_route=\/wp\/v2\/pages\/193","targetHints":{"allow":["GET"]}}],"collection":[{"href":"https:\/\/www.jvp-krizevci.hr\/index.php?rest_route=\/wp\/v2\/pages"}],"about":[{"href":"https:\/\/www.jvp-krizevci.hr\/index.php?rest_route=\/wp\/v2\/types\/page"}],"author":[{"embeddable":true,"href":"https:\/\/www.jvp-krizevci.hr\/index.php?rest_route=\/wp\/v2\/users\/1"}],"replies":[{"embeddable":true,"href":"https:\/\/www.jvp-krizevci.hr\/index.php?rest_route=%2Fwp%2Fv2%2Fcomments&post=193"}],"version-history":[{"count":12,"href":"https:\/\/www.jvp-krizevci.hr\/index.php?rest_route=\/wp\/v2\/pages\/193\/revisions"}],"predecessor-version":[{"id":718,"href":"https:\/\/www.jvp-krizevci.hr\/index.php?rest_route=\/wp\/v2\/pages\/193\/revisions\/718"}],"wp:attachment":[{"href":"https:\/\/www.jvp-krizevci.hr\/index.php?rest_route=%2Fwp%2Fv2%2Fmedia&parent=193"}],"curies":[{"name":"wp","href":"https:\/\/api.w.org\/{rel}","templated":true}]}}