{"id":199,"date":"2012-11-16T20:41:15","date_gmt":"2012-11-16T20:41:15","guid":{"rendered":"http:\/\/www.jvp-krizevci.hr\/?page_id=199"},"modified":"2024-02-23T07:43:59","modified_gmt":"2024-02-23T06:43:59","slug":"servis-vatrogasnih-aparata","status":"publish","type":"page","link":"https:\/\/www.jvp-krizevci.hr\/?page_id=199","title":{"rendered":"SERVIS VATROGASNIH APARATA"},"content":{"rendered":"<p style=\"text-align: justify;\">Servis vatrogasnih aparata Javne vatrogasne postrojbe Grada Kri\u017eevaca radi svaki radni dan od 7.30 sati do 15.00 sati a u slu\u010daju servisiranja ve\u0107e koli\u010dine vatrogasnih aparata pru\u017eamo besplatnu uslugu prijevoza istih kao i potrebnu koli\u010dinu zamjenskih aparata. U ponudi imamo i prodaju vatrogasnih aparata proizvo\u0111a\u010da Pastor, Glorija i Total, cjenik se nalazi na poveznici. Za dodatne informacije oko periodi\u010dnih i kontrolnih pregleda, te tla\u010dnih proba za posude pod visokom razinom opasnosti mo\u017eete dobit i na broj&nbsp; &nbsp; &nbsp; &nbsp; telefona: 048\/711-211<\/p>\n<hr>\n<p><strong>Od 03.01.2024. godine vr\u0161imo tla\u010dnu probu opreme pod tlakom visoke razine opasnosti<\/strong><\/p>\n<hr>\n<p>Popis vatrogasnih aparata koje servisiramo, za koje imamo ovla\u0161tenja<\/p>\n<table width=\"100%\">\n<tbody>\n<tr>\n<td width=\"50%\"><strong>Naziv &nbsp;aparata<\/strong><\/td>\n<td width=\"50%\"><strong>Uvoznik\/Proizvo\u0111a\u0107<\/strong><\/td>\n<\/tr>\n<tr>\n<td width=\"50%\">Pastor<\/td>\n<td width=\"50%\">Pastor<\/td>\n<\/tr>\n<tr>\n<td width=\"50%\">Mobiak S.A.<\/td>\n<td width=\"50%\">MISTAR<\/td>\n<\/tr>\n<tr>\n<td width=\"50%\">KZWM Ogniochron<\/td>\n<td width=\"50%\">Tornado Validus<\/td>\n<\/tr>\n<tr>\n<td width=\"50%\">Total<\/td>\n<td width=\"50%\">Klaleda d.o.o<\/td>\n<\/tr>\n<tr>\n<td width=\"50%\">ANAF S.p.A.<\/td>\n<td width=\"50%\">PRO mimato<\/td>\n<\/tr>\n<tr>\n<td width=\"50%\">Gloria<\/td>\n<td width=\"50%\">Ziegler d.o.o.<\/td>\n<\/tr>\n<tr>\n<td width=\"50%\">KZWM Ogniochron\/OSEC<\/td>\n<td width=\"50%\">IV-ER-KVC d.o.o<\/td>\n<\/tr>\n<tr>\n<td width=\"50%\">MGS<\/td>\n<td width=\"50%\">M.G.S. Grupa d.o.o<\/td>\n<\/tr>\n<tr>\n<td width=\"50%\">Vatromax<\/td>\n<td width=\"50%\">Vatromax K.M.B. d.o.o<\/td>\n<\/tr>\n<tr>\n<td width=\"50%\">Todorovi\u0107 d.o.o<\/td>\n<td width=\"50%\">ZIS OPREMA d.o.o.<\/td>\n<\/tr>\n<tr>\n<td width=\"50%\">ZOP-tehnolo\u0161ke usluge d.o.o<\/td>\n<td width=\"50%\">ZOP-tehnolo\u0161ke usluge d.o.o<\/td>\n<\/tr>\n<tr>\n<td width=\"50%\">KZWM Ogniochron<\/td>\n<td width=\"50%\">TDS d.o.o Vara\u017edin<\/td>\n<\/tr>\n<\/tbody>\n<\/table>\n<p>Popis ovla\u0161tenja nalazi se u linku ispod.<\/p>\n<p>tel: 048\/711-211<\/p>\n<p><a href=\"https:\/\/www.jvp-krizevci.hr\/wp-content\/uploads\/2024\/01\/ovlastenja-za-servis-VA.docx\">POPIS OVLA\u0160TENJA ZA SERVIS VATROGASNIH APARATA<\/a><\/p>\n<p><a href=\"https:\/\/www.jvp-krizevci.hr\/wp-content\/uploads\/2024\/02\/CJENIK-USLUGA-SERVISIRANJA-VATROGASNIH-APARATA2.docx\">CJENIK USLUGE SERVISIRANJA VATROGASNIH APARATA I TLA\u010cNIH PROBA<\/a><\/p>\n<p><a href=\"https:\/\/www.jvp-krizevci.hr\/wp-content\/uploads\/2024\/02\/cjenik-aparati-PASTOR.doc\">CJENIK APARATA PASTOR<\/a><\/p>\n<p><a href=\"https:\/\/www.jvp-krizevci.hr\/wp-content\/uploads\/2024\/01\/cjenik-aparati-TOTAL.doc\">CJENIK APARATA TOTAL<\/a><\/p>\n<p><a href=\"https:\/\/www.jvp-krizevci.hr\/wp-content\/uploads\/2024\/02\/cjenik-aparati-GLORIA.doc\">CJENIK APARATA GLORIJA&nbsp;<\/a><\/p>\n<p><a href=\"https:\/\/www.jvp-krizevci.hr\/wp-content\/uploads\/2024\/01\/tablice-potrebnih-vatrogasnih-aparata-za-obijekte.odt\">TABLICA &#8211; POTREBAN BROJ VATROGASNIH APARATA U OBIJEKTIMA&nbsp;<\/a><\/p>\n<p><a href=\"https:\/\/www.jvp-krizevci.hr\/wp-content\/uploads\/2024\/01\/Tablica-potrebnih-vatrogasnih-aparata-u-vozilima.pdf\">TABLICA &#8211; POTREBAN BROJ VATROGASNIH APARATA U VOZILIMA<\/a><\/p>\n<p style=\"text-align: center;\"><a href=\"https:\/\/www.jvp-krizevci.hr\/wp-content\/uploads\/2012\/11\/Servis-VA.pdf\">O servisu vatrogasnih aparata<\/a><\/p>\n<p><a href=\"https:\/\/www.jvp-krizevci.hr\/wp-content\/uploads\/2012\/12\/ServisVA.jpg\"><img loading=\"lazy\" decoding=\"async\" class=\"aligncenter size-full wp-image-790\" src=\"https:\/\/www.jvp-krizevci.hr\/wp-content\/uploads\/2012\/12\/ServisVA.jpg\" alt=\"ServisVA\" width=\"640\" height=\"318\" srcset=\"https:\/\/www.jvp-krizevci.hr\/wp-content\/uploads\/2012\/12\/ServisVA.jpg 640w, https:\/\/www.jvp-krizevci.hr\/wp-content\/uploads\/2012\/12\/ServisVA-300x149.jpg 300w\" sizes=\"auto, (max-width: 640px) 100vw, 640px\" \/><\/a><\/p>\n","protected":false},"excerpt":{"rendered":"<p>Servis vatrogasnih aparata Javne vatrogasne postrojbe Grada Kri\u017eevaca radi svaki radni dan od 7.30 sati do 15.00 sati a u slu\u010daju servisiranja ve\u0107e koli\u010dine vatrogasnih aparata pru\u017eamo besplatnu uslugu prijevoza istih kao i potrebnu koli\u010dinu zamjenskih aparata. U ponudi imamo &hellip; <a href=\"https:\/\/www.jvp-krizevci.hr\/?page_id=199\">Nastavi \u010ditati <span class=\"meta-nav\">&rarr;<\/span><\/a><\/p>\n","protected":false},"author":1,"featured_media":0,"parent":0,"menu_order":0,"comment_status":"closed","ping_status":"closed","template":"onecolumn-page.php","meta":{"ngg_post_thumbnail":0,"footnotes":""},"class_list":["post-199","page","type-page","status-publish","hentry"],"_links":{"self":[{"href":"https:\/\/www.jvp-krizevci.hr\/index.php?rest_route=\/wp\/v2\/pages\/199","targetHints":{"allow":["GET"]}}],"collection":[{"href":"https:\/\/www.jvp-krizevci.hr\/index.php?rest_route=\/wp\/v2\/pages"}],"about":[{"href":"https:\/\/www.jvp-krizevci.hr\/index.php?rest_route=\/wp\/v2\/types\/page"}],"author":[{"embeddable":true,"href":"https:\/\/www.jvp-krizevci.hr\/index.php?rest_route=\/wp\/v2\/users\/1"}],"replies":[{"embeddable":true,"href":"https:\/\/www.jvp-krizevci.hr\/index.php?rest_route=%2Fwp%2Fv2%2Fcomments&post=199"}],"version-history":[{"count":18,"href":"https:\/\/www.jvp-krizevci.hr\/index.php?rest_route=\/wp\/v2\/pages\/199\/revisions"}],"predecessor-version":[{"id":2714,"href":"https:\/\/www.jvp-krizevci.hr\/index.php?rest_route=\/wp\/v2\/pages\/199\/revisions\/2714"}],"wp:attachment":[{"href":"https:\/\/www.jvp-krizevci.hr\/index.php?rest_route=%2Fwp%2Fv2%2Fmedia&parent=199"}],"curies":[{"name":"wp","href":"https:\/\/api.w.org\/{rel}","templated":true}]}}