{"id":1994,"date":"2019-02-05T07:44:41","date_gmt":"2019-02-05T06:44:41","guid":{"rendered":"http:\/\/www.jvp-krizevci.hr\/?page_id=1994"},"modified":"2019-03-15T11:17:04","modified_gmt":"2019-03-15T10:17:04","slug":"financijsko-izvjesce-za-2018-godinu-2","status":"publish","type":"page","link":"https:\/\/www.jvp-krizevci.hr\/?page_id=1994","title":{"rendered":"FINANCIJSKO IZVJE\u0160\u0106E ZA 2018. GODINU"},"content":{"rendered":"\n<div class=\"wp-block-file\"><a href=\"https:\/\/www.jvp-krizevci.hr\/wp-content\/uploads\/2019\/02\/Financijsko-izvje\u0161\u0107e-za-2018.-godinu.xlsx\">Financijsko izvje\u0161\u0107e za 2018. godinu<\/a><a href=\"https:\/\/www.jvp-krizevci.hr\/wp-content\/uploads\/2019\/02\/Financijsko-izvje\u0161\u0107e-za-2018.-godinu.xlsx\" class=\"wp-block-file__button\" download>Download<\/a><\/div>\n\n\n\n<div class=\"wp-block-file\"><a href=\"https:\/\/www.jvp-krizevci.hr\/wp-content\/uploads\/2019\/02\/Bilje\u0161ke-uz-financijska-izvje\u0161\u0107a-za-2018.-godinu.doc\">Bilje\u0161ke uz financijska izvje\u0161\u0107a za 2018. godinu<\/a><a href=\"https:\/\/www.jvp-krizevci.hr\/wp-content\/uploads\/2019\/02\/Bilje\u0161ke-uz-financijska-izvje\u0161\u0107a-za-2018.-godinu.doc\" class=\"wp-block-file__button\" download>Download<\/a><\/div>\n\n\n\n<div class=\"wp-block-file\"><a href=\"https:\/\/www.jvp-krizevci.hr\/wp-content\/uploads\/2019\/03\/Odluka-o-raspodjeli-rezultata-poslovanja-za-2018.-godinu.pdf\">Odluka o raspodjeli rezultata poslovanja za 2018. godinu<\/a><a href=\"https:\/\/www.jvp-krizevci.hr\/wp-content\/uploads\/2019\/03\/Odluka-o-raspodjeli-rezultata-poslovanja-za-2018.-godinu.pdf\" class=\"wp-block-file__button\" download>Preuzmi<\/a><\/div>\n","protected":false},"excerpt":{"rendered":"","protected":false},"author":1,"featured_media":0,"parent":0,"menu_order":0,"comment_status":"closed","ping_status":"closed","template":"","meta":{"ngg_post_thumbnail":0,"footnotes":""},"class_list":["post-1994","page","type-page","status-publish","hentry"],"_links":{"self":[{"href":"https:\/\/www.jvp-krizevci.hr\/index.php?rest_route=\/wp\/v2\/pages\/1994","targetHints":{"allow":["GET"]}}],"collection":[{"href":"https:\/\/www.jvp-krizevci.hr\/index.php?rest_route=\/wp\/v2\/pages"}],"about":[{"href":"https:\/\/www.jvp-krizevci.hr\/index.php?rest_route=\/wp\/v2\/types\/page"}],"author":[{"embeddable":true,"href":"https:\/\/www.jvp-krizevci.hr\/index.php?rest_route=\/wp\/v2\/users\/1"}],"replies":[{"embeddable":true,"href":"https:\/\/www.jvp-krizevci.hr\/index.php?rest_route=%2Fwp%2Fv2%2Fcomments&post=1994"}],"version-history":[{"count":3,"href":"https:\/\/www.jvp-krizevci.hr\/index.php?rest_route=\/wp\/v2\/pages\/1994\/revisions"}],"predecessor-version":[{"id":2076,"href":"https:\/\/www.jvp-krizevci.hr\/index.php?rest_route=\/wp\/v2\/pages\/1994\/revisions\/2076"}],"wp:attachment":[{"href":"https:\/\/www.jvp-krizevci.hr\/index.php?rest_route=%2Fwp%2Fv2%2Fmedia&parent=1994"}],"curies":[{"name":"wp","href":"https:\/\/api.w.org\/{rel}","templated":true}]}}