{"id":2213,"date":"2020-02-03T08:42:15","date_gmt":"2020-02-03T07:42:15","guid":{"rendered":"http:\/\/www.jvp-krizevci.hr\/?page_id=2213"},"modified":"2020-02-03T08:51:51","modified_gmt":"2020-02-03T07:51:51","slug":"financijsko-izvjesce-za-2019-godinu","status":"publish","type":"page","link":"https:\/\/www.jvp-krizevci.hr\/?page_id=2213","title":{"rendered":"Financijsko izvje\u0161\u0107e za 2019. godinu"},"content":{"rendered":"\n<div class=\"wp-block-file\"><a href=\"https:\/\/www.jvp-krizevci.hr\/wp-content\/uploads\/2020\/02\/Bilje\u0161ke-uz-financijska-izvje\u0161\u0107a-za-2019.-godinu.doc\">Bilje\u0161ke uz financijska izvje\u0161\u0107a za 2019. godinu<\/a><a href=\"https:\/\/www.jvp-krizevci.hr\/wp-content\/uploads\/2020\/02\/Bilje\u0161ke-uz-financijska-izvje\u0161\u0107a-za-2019.-godinu.doc\" class=\"wp-block-file__button\" download>Preuzmi<\/a><\/div>\n\n\n\n<div class=\"wp-block-file\"><a href=\"https:\/\/www.jvp-krizevci.hr\/wp-content\/uploads\/2020\/02\/Financijsko-izvje\u0161\u0107e-za-2019.-godinu.xls\">Financijsko izvje\u0161\u0107e za 2019. godinu<\/a><a href=\"https:\/\/www.jvp-krizevci.hr\/wp-content\/uploads\/2020\/02\/Financijsko-izvje\u0161\u0107e-za-2019.-godinu.xls\" class=\"wp-block-file__button\" download>Preuzmi<\/a><\/div>\n","protected":false},"excerpt":{"rendered":"","protected":false},"author":1,"featured_media":0,"parent":0,"menu_order":0,"comment_status":"closed","ping_status":"closed","template":"","meta":{"ngg_post_thumbnail":0,"footnotes":""},"class_list":["post-2213","page","type-page","status-publish","hentry"],"_links":{"self":[{"href":"https:\/\/www.jvp-krizevci.hr\/index.php?rest_route=\/wp\/v2\/pages\/2213","targetHints":{"allow":["GET"]}}],"collection":[{"href":"https:\/\/www.jvp-krizevci.hr\/index.php?rest_route=\/wp\/v2\/pages"}],"about":[{"href":"https:\/\/www.jvp-krizevci.hr\/index.php?rest_route=\/wp\/v2\/types\/page"}],"author":[{"embeddable":true,"href":"https:\/\/www.jvp-krizevci.hr\/index.php?rest_route=\/wp\/v2\/users\/1"}],"replies":[{"embeddable":true,"href":"https:\/\/www.jvp-krizevci.hr\/index.php?rest_route=%2Fwp%2Fv2%2Fcomments&post=2213"}],"version-history":[{"count":2,"href":"https:\/\/www.jvp-krizevci.hr\/index.php?rest_route=\/wp\/v2\/pages\/2213\/revisions"}],"predecessor-version":[{"id":2223,"href":"https:\/\/www.jvp-krizevci.hr\/index.php?rest_route=\/wp\/v2\/pages\/2213\/revisions\/2223"}],"wp:attachment":[{"href":"https:\/\/www.jvp-krizevci.hr\/index.php?rest_route=%2Fwp%2Fv2%2Fmedia&parent=2213"}],"curies":[{"name":"wp","href":"https:\/\/api.w.org\/{rel}","templated":true}]}}