{"id":2496,"date":"2022-02-01T08:07:19","date_gmt":"2022-02-01T07:07:19","guid":{"rendered":"http:\/\/www.jvp-krizevci.hr\/?page_id=2496"},"modified":"2022-02-01T08:13:09","modified_gmt":"2022-02-01T07:13:09","slug":"financijsko-izvjesce-za-2021-godinu","status":"publish","type":"page","link":"https:\/\/www.jvp-krizevci.hr\/?page_id=2496","title":{"rendered":"FINANCIJSKO IZVJE\u0160\u0106E ZA 2021. GODINU"},"content":{"rendered":"\n<p><a href=\"https:\/\/www.jvp-krizevci.hr\/wp-content\/uploads\/2022\/02\/Financijski-izvje\u0161taj-31.12.2021.v.7.0.4-1.xls\">Financijsko izvje\u0161\u0107e za 2021. godinu<\/a><\/p>\n\n\n\n<p><a href=\"https:\/\/www.jvp-krizevci.hr\/wp-content\/uploads\/2022\/02\/Bilje\u0161ke-uz-financijska-izvje\u0161\u0107a-za-2021.-godinu-.doc\">Bilje\u0161ke uz financijsko izvje\u0161\u0107e za 2021. godinu<\/a><\/p>\n","protected":false},"excerpt":{"rendered":"<p>Financijsko izvje\u0161\u0107e za 2021. godinu Bilje\u0161ke uz financijsko izvje\u0161\u0107e za 2021. godinu<\/p>\n","protected":false},"author":1,"featured_media":0,"parent":0,"menu_order":0,"comment_status":"closed","ping_status":"closed","template":"","meta":{"ngg_post_thumbnail":0,"footnotes":""},"class_list":["post-2496","page","type-page","status-publish","hentry"],"_links":{"self":[{"href":"https:\/\/www.jvp-krizevci.hr\/index.php?rest_route=\/wp\/v2\/pages\/2496","targetHints":{"allow":["GET"]}}],"collection":[{"href":"https:\/\/www.jvp-krizevci.hr\/index.php?rest_route=\/wp\/v2\/pages"}],"about":[{"href":"https:\/\/www.jvp-krizevci.hr\/index.php?rest_route=\/wp\/v2\/types\/page"}],"author":[{"embeddable":true,"href":"https:\/\/www.jvp-krizevci.hr\/index.php?rest_route=\/wp\/v2\/users\/1"}],"replies":[{"embeddable":true,"href":"https:\/\/www.jvp-krizevci.hr\/index.php?rest_route=%2Fwp%2Fv2%2Fcomments&post=2496"}],"version-history":[{"count":5,"href":"https:\/\/www.jvp-krizevci.hr\/index.php?rest_route=\/wp\/v2\/pages\/2496\/revisions"}],"predecessor-version":[{"id":2505,"href":"https:\/\/www.jvp-krizevci.hr\/index.php?rest_route=\/wp\/v2\/pages\/2496\/revisions\/2505"}],"wp:attachment":[{"href":"https:\/\/www.jvp-krizevci.hr\/index.php?rest_route=%2Fwp%2Fv2%2Fmedia&parent=2496"}],"curies":[{"name":"wp","href":"https:\/\/api.w.org\/{rel}","templated":true}]}}