{"id":2527,"date":"2022-10-22T21:14:07","date_gmt":"2022-10-22T20:14:07","guid":{"rendered":"http:\/\/www.jvp-krizevci.hr\/?page_id=2527"},"modified":"2023-02-02T09:32:19","modified_gmt":"2023-02-02T08:32:19","slug":"financijsko-izvjesce-za-2022-godinu","status":"publish","type":"page","link":"https:\/\/www.jvp-krizevci.hr\/?page_id=2527","title":{"rendered":"FINANCIJSKO IZVJE\u0160\u0106E ZA 2022. GODINU"},"content":{"rendered":"\n<div class=\"wp-block-file\"><a id=\"wp-block-file--media-72743301-a99b-4275-a571-25b6640675ad\" href=\"https:\/\/www.jvp-krizevci.hr\/wp-content\/uploads\/2022\/10\/Odluka-o-prihva\u0107anju-izvje\u0161\u0107a-od-01.01.-30.06.2022.doc\">Odluka o prihva\u0107anju izvje\u0161\u0107a od 01.01.-30.06.2022<\/a><a href=\"https:\/\/www.jvp-krizevci.hr\/wp-content\/uploads\/2022\/10\/Odluka-o-prihva\u0107anju-izvje\u0161\u0107a-od-01.01.-30.06.2022.doc\" class=\"wp-block-file__button wp-element-button\" download aria-describedby=\"wp-block-file--media-72743301-a99b-4275-a571-25b6640675ad\">Preuzmi<\/a><\/div>\n\n\n\n<div class=\"wp-block-file\"><a id=\"wp-block-file--media-58c1f8a7-f176-4bb6-9929-53de4ae35ce0\" href=\"https:\/\/www.jvp-krizevci.hr\/wp-content\/uploads\/2022\/10\/Obrasci_financijskih_izvjestaja_v_8.0.2.xlsx\">Obrasci financijskih izvjestaja<\/a><a href=\"https:\/\/www.jvp-krizevci.hr\/wp-content\/uploads\/2022\/10\/Obrasci_financijskih_izvjestaja_v_8.0.2.xlsx\" class=\"wp-block-file__button wp-element-button\" download aria-describedby=\"wp-block-file--media-58c1f8a7-f176-4bb6-9929-53de4ae35ce0\">Preuzmi<\/a><\/div>\n\n\n\n<p><a href=\"https:\/\/www.jvp-krizevci.hr\/wp-content\/uploads\/2023\/02\/Financijska-izvjesca-za-2022._v_8.0.3-2.xlsx\" data-type=\"URL\" data-id=\"https:\/\/www.jvp-krizevci.hr\/wp-content\/uploads\/2023\/02\/Financijska-izvjesca-za-2022._v_8.0.3-2.xlsx\" target=\"_blank\" rel=\"noreferrer noopener\">Financijska izvije\u0161\u0107a za 2022. godinu<\/a><\/p>\n\n\n\n<p><a href=\"https:\/\/www.jvp-krizevci.hr\/wp-content\/uploads\/2023\/02\/Biljeske-uz-financijske-izvjestaje-2022-.doc\" data-type=\"URL\" data-id=\"https:\/\/www.jvp-krizevci.hr\/wp-content\/uploads\/2023\/02\/Biljeske-uz-financijske-izvjestaje-2022-.doc\" target=\"_blank\" rel=\"noreferrer noopener\">Bilje\u0161ke uz financijske izvje\u0161taje 2022. godinu<\/a><\/p>\n","protected":false},"excerpt":{"rendered":"<p>Financijska izvije\u0161\u0107a za 2022. godinu Bilje\u0161ke uz financijske izvje\u0161taje 2022. godinu<\/p>\n","protected":false},"author":1,"featured_media":0,"parent":1595,"menu_order":1,"comment_status":"closed","ping_status":"closed","template":"onecolumn-page.php","meta":{"ngg_post_thumbnail":0,"footnotes":""},"class_list":["post-2527","page","type-page","status-publish","hentry"],"_links":{"self":[{"href":"https:\/\/www.jvp-krizevci.hr\/index.php?rest_route=\/wp\/v2\/pages\/2527","targetHints":{"allow":["GET"]}}],"collection":[{"href":"https:\/\/www.jvp-krizevci.hr\/index.php?rest_route=\/wp\/v2\/pages"}],"about":[{"href":"https:\/\/www.jvp-krizevci.hr\/index.php?rest_route=\/wp\/v2\/types\/page"}],"author":[{"embeddable":true,"href":"https:\/\/www.jvp-krizevci.hr\/index.php?rest_route=\/wp\/v2\/users\/1"}],"replies":[{"embeddable":true,"href":"https:\/\/www.jvp-krizevci.hr\/index.php?rest_route=%2Fwp%2Fv2%2Fcomments&post=2527"}],"version-history":[{"count":4,"href":"https:\/\/www.jvp-krizevci.hr\/index.php?rest_route=\/wp\/v2\/pages\/2527\/revisions"}],"predecessor-version":[{"id":2553,"href":"https:\/\/www.jvp-krizevci.hr\/index.php?rest_route=\/wp\/v2\/pages\/2527\/revisions\/2553"}],"up":[{"embeddable":true,"href":"https:\/\/www.jvp-krizevci.hr\/index.php?rest_route=\/wp\/v2\/pages\/1595"}],"wp:attachment":[{"href":"https:\/\/www.jvp-krizevci.hr\/index.php?rest_route=%2Fwp%2Fv2%2Fmedia&parent=2527"}],"curies":[{"name":"wp","href":"https:\/\/api.w.org\/{rel}","templated":true}]}}