{"id":2579,"date":"2023-07-14T07:34:54","date_gmt":"2023-07-14T06:34:54","guid":{"rendered":"http:\/\/www.jvp-krizevci.hr\/?page_id=2579"},"modified":"2024-02-06T08:13:45","modified_gmt":"2024-02-06T07:13:45","slug":"financijsko-izvjesce-za-2023-godinu","status":"publish","type":"page","link":"https:\/\/www.jvp-krizevci.hr\/?page_id=2579","title":{"rendered":"FINANCIJSKO IZVJE\u0160\u0106E ZA 2023. godinu"},"content":{"rendered":"\r\n<p><a href=\"https:\/\/www.jvp-krizevci.hr\/wp-content\/uploads\/2023\/07\/Obrasci_financijskih_izvjestaja_v_8.1.1-1.xlsx\">Financijsko izvje\u0161\u0107e za prvih 6 mj.<\/a><\/p>\r\n\r\n\r\n\r\n<p><a href=\"https:\/\/www.jvp-krizevci.hr\/wp-content\/uploads\/2023\/07\/Biljeske-uz-financijske-izvjestaje-06-23-.doc\">Bilje\u0161ke uz financijsko izvje\u0161\u0107e za prvih 6 mj.<\/a><\/p>\r\n<p><a href=\"https:\/\/www.jvp-krizevci.hr\/wp-content\/uploads\/2024\/02\/Obrasci_financijskih_izvjestaja_v_8.1.3.xlsx\">Financijsko izvje\u0161\u0107e za 2023. godinu<\/a><\/p>\r\n<p><a href=\"https:\/\/www.jvp-krizevci.hr\/wp-content\/uploads\/2024\/02\/Biljeske-uz-financijske-izvjestaje-2023-.doc\">Bilje\u0161ke uz financijsko izvje\u0161\u0107e za 2023. godinu<\/a><\/p>\r\n<p>&nbsp;<\/p>\r\n","protected":false},"excerpt":{"rendered":"<p>Financijsko izvje\u0161\u0107e za prvih 6 mj. Bilje\u0161ke uz financijsko izvje\u0161\u0107e za prvih 6 mj. Financijsko izvje\u0161\u0107e za 2023. godinu Bilje\u0161ke uz financijsko izvje\u0161\u0107e za 2023. godinu &nbsp;<\/p>\n","protected":false},"author":1,"featured_media":0,"parent":0,"menu_order":0,"comment_status":"closed","ping_status":"closed","template":"","meta":{"ngg_post_thumbnail":0,"footnotes":""},"class_list":["post-2579","page","type-page","status-publish","hentry"],"_links":{"self":[{"href":"https:\/\/www.jvp-krizevci.hr\/index.php?rest_route=\/wp\/v2\/pages\/2579","targetHints":{"allow":["GET"]}}],"collection":[{"href":"https:\/\/www.jvp-krizevci.hr\/index.php?rest_route=\/wp\/v2\/pages"}],"about":[{"href":"https:\/\/www.jvp-krizevci.hr\/index.php?rest_route=\/wp\/v2\/types\/page"}],"author":[{"embeddable":true,"href":"https:\/\/www.jvp-krizevci.hr\/index.php?rest_route=\/wp\/v2\/users\/1"}],"replies":[{"embeddable":true,"href":"https:\/\/www.jvp-krizevci.hr\/index.php?rest_route=%2Fwp%2Fv2%2Fcomments&post=2579"}],"version-history":[{"count":5,"href":"https:\/\/www.jvp-krizevci.hr\/index.php?rest_route=\/wp\/v2\/pages\/2579\/revisions"}],"predecessor-version":[{"id":2690,"href":"https:\/\/www.jvp-krizevci.hr\/index.php?rest_route=\/wp\/v2\/pages\/2579\/revisions\/2690"}],"wp:attachment":[{"href":"https:\/\/www.jvp-krizevci.hr\/index.php?rest_route=%2Fwp%2Fv2%2Fmedia&parent=2579"}],"curies":[{"name":"wp","href":"https:\/\/api.w.org\/{rel}","templated":true}]}}