{"id":2762,"date":"2025-07-24T08:45:03","date_gmt":"2025-07-24T07:45:03","guid":{"rendered":"https:\/\/www.jvp-krizevci.hr\/?page_id=2762"},"modified":"2026-02-06T07:08:37","modified_gmt":"2026-02-06T06:08:37","slug":"financijsko-izvjesce-za-2025-godinu","status":"publish","type":"page","link":"https:\/\/www.jvp-krizevci.hr\/?page_id=2762","title":{"rendered":"FINANCIJSKO IZVJE\u0160\u0106E ZA 2025. GODINU"},"content":{"rendered":"<p><a href=\"https:\/\/www.jvp-krizevci.hr\/wp-content\/uploads\/2025\/07\/Polugodisnje-izvjesceo-ost.fin_.plana-i-programa-rada-2025.doc\">Polugodi\u0161nje izvje\u0161\u0107e o ost .fin. plana i programa rada 2025.<\/a><\/p>\n<p><a href=\"https:\/\/www.jvp-krizevci.hr\/wp-content\/uploads\/2025\/07\/1.rebalans-2025.docx\">1.rebalans 2025<\/a><\/p>\n<p><a href=\"https:\/\/www.jvp-krizevci.hr\/wp-content\/uploads\/2025\/07\/Obrasci_financijskih_izvjestaja_v_8.2.0-1.xlsx\">Obrasci financijskih izvje\u0161taja&nbsp;<\/a><\/p>\n<p><a href=\"https:\/\/www.jvp-krizevci.hr\/wp-content\/uploads\/2025\/07\/Polugodisnje-izvjesce-o-izvrsenju-financijskog-plana-2025.docx\">Polugodi\u0161nje izvje\u0161\u0107e o izvr\u0161enju financijskog plana 2025.<\/a><\/p>\n<p><a href=\"https:\/\/www.jvp-krizevci.hr\/wp-content\/uploads\/2026\/01\/II-izmjene-i-dopune-financ.plana-za-2025.g.pdf\">II izmjene i dopune financijskog plana za 2025.g<\/a><\/p>\n<p><a href=\"https:\/\/www.jvp-krizevci.hr\/wp-content\/uploads\/2026\/02\/Obrasci_financijskih_izvjestaja_v_8.3.0-31.12.2025.xlsx\">Obrasci financijskih izvje\u0161taja 31.12.2025.<\/a><\/p>\n<p><a href=\"https:\/\/www.jvp-krizevci.hr\/wp-content\/uploads\/2026\/02\/Biljeske-uz-financijske-izvjestaje-2025.doc\">Bilje\u0161ke uz financijske izvje\u0161taje 2025<\/a><\/p>\n","protected":false},"excerpt":{"rendered":"<p>Polugodi\u0161nje izvje\u0161\u0107e o ost .fin. plana i programa rada 2025. 1.rebalans 2025 Obrasci financijskih izvje\u0161taja&nbsp; Polugodi\u0161nje izvje\u0161\u0107e o izvr\u0161enju financijskog plana 2025. II izmjene i dopune financijskog plana za 2025.g Obrasci financijskih izvje\u0161taja 31.12.2025. Bilje\u0161ke uz financijske izvje\u0161taje 2025<\/p>\n","protected":false},"author":1,"featured_media":0,"parent":0,"menu_order":0,"comment_status":"closed","ping_status":"closed","template":"","meta":{"ngg_post_thumbnail":0,"footnotes":""},"class_list":["post-2762","page","type-page","status-publish","hentry"],"_links":{"self":[{"href":"https:\/\/www.jvp-krizevci.hr\/index.php?rest_route=\/wp\/v2\/pages\/2762","targetHints":{"allow":["GET"]}}],"collection":[{"href":"https:\/\/www.jvp-krizevci.hr\/index.php?rest_route=\/wp\/v2\/pages"}],"about":[{"href":"https:\/\/www.jvp-krizevci.hr\/index.php?rest_route=\/wp\/v2\/types\/page"}],"author":[{"embeddable":true,"href":"https:\/\/www.jvp-krizevci.hr\/index.php?rest_route=\/wp\/v2\/users\/1"}],"replies":[{"embeddable":true,"href":"https:\/\/www.jvp-krizevci.hr\/index.php?rest_route=%2Fwp%2Fv2%2Fcomments&post=2762"}],"version-history":[{"count":4,"href":"https:\/\/www.jvp-krizevci.hr\/index.php?rest_route=\/wp\/v2\/pages\/2762\/revisions"}],"predecessor-version":[{"id":2799,"href":"https:\/\/www.jvp-krizevci.hr\/index.php?rest_route=\/wp\/v2\/pages\/2762\/revisions\/2799"}],"wp:attachment":[{"href":"https:\/\/www.jvp-krizevci.hr\/index.php?rest_route=%2Fwp%2Fv2%2Fmedia&parent=2762"}],"curies":[{"name":"wp","href":"https:\/\/api.w.org\/{rel}","templated":true}]}}