{"id":283,"date":"2012-11-17T18:10:47","date_gmt":"2012-11-17T18:10:47","guid":{"rendered":"http:\/\/www.jvp-krizevci.hr\/?page_id=283"},"modified":"2012-12-19T21:47:51","modified_gmt":"2012-12-19T21:47:51","slug":"o-vatrogastvu-3","status":"publish","type":"page","link":"https:\/\/www.jvp-krizevci.hr\/?page_id=283","title":{"rendered":"O VATROGASTVU"},"content":{"rendered":"<p style=\"text-align: justify;\"><a href=\"https:\/\/www.jvp-krizevci.hr\/wp-content\/uploads\/2012\/11\/Vatrznak3.jpg\"><img loading=\"lazy\" decoding=\"async\" class=\"size-full wp-image-368 alignleft\" alt=\"Vatrznak3.jpg\" src=\"https:\/\/www.jvp-krizevci.hr\/wp-content\/uploads\/2012\/11\/Vatrznak3.jpg\" width=\"163\" height=\"180\" \/><\/a>Znate li da \u010dovjek izazove vi\u0161e od 80 % svih po\u017eara nepa\u017enjom, nemarom, nestru\u010dnim rukovanjem strojevima i alatima, nestru\u010dnim odr\u017eavanjem oru\u0111a, ure\u0111aja, instalacija i opreme, nestru\u010dnim i nesavijesnim izvo\u0111enjem gra\u0111evinskih i ostalih radova, gra\u0111evinskim i konstrukcijskim nedostacima, nepravilnom upotrebom vatre te igrom s njom, namjernim izazivanjem po\u017eara, zbog alkoholiziranosti, zbog prikrivanja kaznenih djela. A, znate li da se svaki po\u017ear mo\u017ee ugasiti \u010da\u0161om vode u prvoj minuti, u drugoj minuti treba vam posuda vode i pomo\u0107 druge osobe, a ve\u0107 u tre\u0107oj minuti potrebna je cisterna i uvje\u017ebana vatrogasna postrojba. Upravo zbog te tre\u0107e minute kada se pojedinac nemo\u017ee suprostaviti vatri organizirano je VATROGASTVO kao jedan organizirani oblik suprostavljanja vatrenoj stihiji i ostalim elementarnim nepogodama.<\/p>\n<p style=\"text-align: justify;\">Dobrovoljno vatrogastvo u Hrvatskoj oslanjalo se na tradicije europskog dobrovoljnog vatrogastva, posebice onog u Njema\u010dkoj i Austro-Ugarskoj, a suvremeni razvoj na\u0161eg dobrovoljnog vatrogastva po\u010deo je 1864. godine u Vara\u017edinu gdje je prema zamisli turpijarskog radnika Otona Mayera, koji je kao \u201cputuju\u0107i kalfa\u201d rade\u0107i u obrtni\u010dkim radionicama Austrije i ju\u017ene Njema\u010dke upoznao suvremena dru\u0161tvena kretanja, 17. lipnja 1964. godine osnovana prva dobrovoljna vatrogasna organizacija pod nazivaom \u201cPrvi hrvatski dobrovoljni vatrogasni zbor u Vara\u017edinu\u201d. Ti prvi hrvatski-vara\u017edinski vatrogasci udru\u017eili su se radi samoza\u0161tite i uveli \u201cvatrogasni red me\u0111u sobom\u201d, preuzev\u0161i zadatak da \u201cdanju i no\u0107u bdiju nad \u017eivotom i imovinom svojih gra\u0111ana\u201d.<\/p>\n<p style=\"text-align: justify;\">Nedugo poslije Vara\u017edina i u drugim hrvatskim gradovima osnivaju se dobrovoljna vatrogasna dru\u0161tva, u Sisku 1865. godine, u Oto\u010dcu u Lici 1868. godine, u Ludbregu 1869. godine, u Zagrebu 1870. godine itd.<\/p>\n<p style=\"text-align: justify;\">Na ovom podru\u010dju ( podru\u010dje Grada Kri\u017eevaca i susjednih op\u0107ina Sveti Petar Orehovec, Sveti Ivan \u017dabno i Kalnik ) prvo dobrovoljno vatrogasno dru\u0161tvo osnovano je u Kri\u017eevcima 15.03.1874. godine, a odmah nakon toga 1892. godine u Cirkveni, Poljani Kri\u017eeva\u010dkoj i Svetom Ivanu \u017dabno, a 1893. godine u Gornjoj Rijeci i Ravnu. Danas ovdje djeluje preko 70 dobrovoljnih vatrogasnih dru\u0161tava organiziranih u pet vatrogasnih zajednica.<\/p>\n<p style=\"text-align: justify;\">Kao \u0161to se je vrlo rano ovdje ustrojavalo dobrovoljno vatrogastvo, tako se je vrlo rano zapo\u010delo sa ustrojavanjem i profesionalnog vatrogastva. Po\u010deci se\u017eu u 1970. godine kada je profesionalno vatrogastvo prvo bilo organizirano kao profesionalno jezgro pri Dobrovoljnom vatrogasnom dru\u0161tvu Kri\u017eevci, a 1971. godine na temelju odluke tada\u0161nje SO Kri\u017eevci formiran je Op\u0107inski centar za za\u0161titu od po\u017eara Kri\u017eevci, koji je od 1994. godine temeljem Zakona o vatrogastvu, organiziran kao Profesionalna vatrogasna postrojba Kri\u017eevci, kao ustrojstvena jedinica MUP-a RH, PU Koprivni\u010dko-kri\u017eeva\u010dke. Temeljem novog Zakona o vatrogastvu ova profesionalna vatrogasna postrojba ustrojena je kao Javna vatrogasna postrojba Grada Kri\u017eevaca.<\/p>\n<p style=\"text-align: justify;\">Upravo zahvaljuju\u0107i svijesti ljudi ovoga kraja, shva\u0107anju potrebe organiziranog suprostavljanja vatrenoj stihiji, na ovom podru\u010dju osnovan je prvi SIZ za za\u0161titu od po\u017eara, iz kojih sredstava su izgra\u0111eni mnogi vatrogasni domovi i spremi\u0161ta, te nabavljena skupna i osobna vatrogasna oprema i tehnika.<\/p>\n<p style=\"text-align: justify;\">Danas vatrogastvo na ovom podru\u010dju \u010dini jedno zajedni\u0161tvo isprepleteno uzajamnim radom dobrovoljnih i profesionalnih vatrogasaca. Ovdje ne postoji razlika izme\u0111u dobrovoljstva i profesionalizma, jer svaki dobrovoljac je pravi profesionalac kada znala\u010dki obavlja svoj posao, bilo preventivnog ili operativnog karaktera, ali isto tako i svaki profesionalac je i dobrovoljac, jer je \u010dlan dobrovoljnog vatrogasnog dru\u0161tva u mjestu u kojem \u017eivi, gdje je pokreta\u010d svih aktivnosti.<\/p>\n<p style=\"text-align: justify;\">Ovakvim na\u010dinom djelovanja nastoji se organizirati vatrogastvo na na\u010din da \u201cvatrogasna kultura\u201d u\u0111e u svijest svih ljudi koji ovdje \u017eive, kako bi se svaki pojedinac mogao u prvom momentu suprostaviti vatri, i kada \u0107e vrlo rijetko biti potrebno djelovanje vatrogasne postrojbe, nakon \u0161to protekne dvije minute od nastanka po\u017eara.<\/p>\n","protected":false},"excerpt":{"rendered":"<p>Znate li da \u010dovjek izazove vi\u0161e od 80 % svih po\u017eara nepa\u017enjom, nemarom, nestru\u010dnim rukovanjem strojevima i alatima, nestru\u010dnim odr\u017eavanjem oru\u0111a, ure\u0111aja, instalacija i opreme, nestru\u010dnim i nesavijesnim izvo\u0111enjem gra\u0111evinskih i ostalih radova, gra\u0111evinskim i konstrukcijskim nedostacima, nepravilnom upotrebom vatre &hellip; <a href=\"https:\/\/www.jvp-krizevci.hr\/?page_id=283\">Nastavi \u010ditati <span class=\"meta-nav\">&rarr;<\/span><\/a><\/p>\n","protected":false},"author":1,"featured_media":0,"parent":0,"menu_order":0,"comment_status":"closed","ping_status":"closed","template":"onecolumn-page.php","meta":{"ngg_post_thumbnail":0,"footnotes":""},"class_list":["post-283","page","type-page","status-publish","hentry"],"_links":{"self":[{"href":"https:\/\/www.jvp-krizevci.hr\/index.php?rest_route=\/wp\/v2\/pages\/283","targetHints":{"allow":["GET"]}}],"collection":[{"href":"https:\/\/www.jvp-krizevci.hr\/index.php?rest_route=\/wp\/v2\/pages"}],"about":[{"href":"https:\/\/www.jvp-krizevci.hr\/index.php?rest_route=\/wp\/v2\/types\/page"}],"author":[{"embeddable":true,"href":"https:\/\/www.jvp-krizevci.hr\/index.php?rest_route=\/wp\/v2\/users\/1"}],"replies":[{"embeddable":true,"href":"https:\/\/www.jvp-krizevci.hr\/index.php?rest_route=%2Fwp%2Fv2%2Fcomments&post=283"}],"version-history":[{"count":8,"href":"https:\/\/www.jvp-krizevci.hr\/index.php?rest_route=\/wp\/v2\/pages\/283\/revisions"}],"predecessor-version":[{"id":315,"href":"https:\/\/www.jvp-krizevci.hr\/index.php?rest_route=\/wp\/v2\/pages\/283\/revisions\/315"}],"wp:attachment":[{"href":"https:\/\/www.jvp-krizevci.hr\/index.php?rest_route=%2Fwp%2Fv2%2Fmedia&parent=283"}],"curies":[{"name":"wp","href":"https:\/\/api.w.org\/{rel}","templated":true}]}}