{"id":409,"date":"2012-11-21T14:03:49","date_gmt":"2012-11-21T14:03:49","guid":{"rendered":"http:\/\/www.jvp-krizevci.hr\/?page_id=409"},"modified":"2021-01-20T14:28:51","modified_gmt":"2021-01-20T13:28:51","slug":"ostali-dokumenti","status":"publish","type":"page","link":"https:\/\/www.jvp-krizevci.hr\/?page_id=409","title":{"rendered":"OSTALI DOKUMENTI"},"content":{"rendered":"<p><a href=\"https:\/\/www.jvp-krizevci.hr\/wp-content\/uploads\/2016\/03\/Procedura-obra\u010duna-i-naplate-potra\u017eivanja.pdf\">Procedura obra\u010duna i naplate potra\u017eivanja<\/a><\/p>\n<p><a href=\"https:\/\/www.jvp-krizevci.hr\/wp-content\/uploads\/2020\/07\/Procedura_o_blagajnickom_poslovanju.docx\">Procedura o blagajni\u010dkom poslovanju<\/a><\/p>\n<p><a href=\"https:\/\/www.jvp-krizevci.hr\/wp-content\/uploads\/2020\/07\/Procedura-zaprimanja-ra\u010duna-JVP.doc\">Procedura zaprimanja ra\u010duna<\/a><\/p>\n<p><a href=\"https:\/\/www.jvp-krizevci.hr\/wp-content\/uploads\/2020\/07\/Procedura-izdavanja-Putnih-naloga.doc\">Procedura izdavanja putnih naloga<\/a><\/p>\n<p><a href=\"https:\/\/www.jvp-krizevci.hr\/wp-content\/uploads\/2020\/07\/Pravilnik-o-provo\u0111enju-postupka-jednostavne-nabave.pdf\">Pravilnik o provo\u0111enju postupka javne nabave<\/a><\/p>\n<p><a href=\"https:\/\/www.jvp-krizevci.hr\/wp-content\/uploads\/2020\/07\/Procedura_stvaranja_ugovornih_obveza-I-JVP.doc\">Procedura stvaranja ugovornih obveza<\/a><\/p>\n<p><a href=\"https:\/\/www.jvp-krizevci.hr\/wp-content\/uploads\/2019\/09\/Obrazac-za-sudjelovanje-u-izradi-Financijskog-plana-JVP-K\u017d-2019.pdf\">Obrazac za sudjelovanje u izradi Financijskog plana JVP K\u017d 2019.<\/a><\/p>\n\n\n<p><a href=\"https:\/\/www.jvp-krizevci.hr\/wp-content\/uploads\/2021\/01\/06_Uputa-o-postupanju-u-slu\u010daju-povrede-osobnih-podataka-ispitanika-JVP.docx\">Uputa o postupanju u slu\u010daju povrede osobnih podataka ispitanika-JVP<\/a><\/p>\n\n\n\n<p><a href=\"https:\/\/www.jvp-krizevci.hr\/wp-content\/uploads\/2021\/01\/05_Uputa-za-ostvarivanje-prava-ispitanika-JVP.docx\">Uputa za ostvarivanje prava ispitanika-JVP<\/a><\/p>\n\n\n\n<p><a href=\"https:\/\/www.jvp-krizevci.hr\/wp-content\/uploads\/2021\/01\/05a_Zahtjev-ispitanika-za-ostvarenje-prava-JVP.docx\">Zahtjev ispitanika za ostvarenje prava-JVP<\/a><\/p>\n\n\n\n<p><a href=\"https:\/\/www.jvp-krizevci.hr\/wp-content\/uploads\/2021\/01\/Poslovnik-Vatrogasnog-vije\u010da-2020..docx\">Poslovnik Vatrogasnog vije\u010da 2020.<\/a><\/p>\n\n\n\n<p><\/p>\n\n\n\n<p><\/p>\n","protected":false},"excerpt":{"rendered":"<p>Procedura obra\u010duna i naplate potra\u017eivanja Procedura o blagajni\u010dkom poslovanju Procedura zaprimanja ra\u010duna Procedura izdavanja putnih naloga Pravilnik o provo\u0111enju postupka javne nabave Procedura stvaranja ugovornih obveza Obrazac za sudjelovanje u izradi Financijskog plana JVP K\u017d 2019. Uputa o postupanju u &hellip; <a href=\"https:\/\/www.jvp-krizevci.hr\/?page_id=409\">Nastavi \u010ditati <span class=\"meta-nav\">&rarr;<\/span><\/a><\/p>\n","protected":false},"author":1,"featured_media":0,"parent":0,"menu_order":0,"comment_status":"closed","ping_status":"closed","template":"onecolumn-page.php","meta":{"ngg_post_thumbnail":0,"footnotes":""},"class_list":["post-409","page","type-page","status-publish","hentry"],"_links":{"self":[{"href":"https:\/\/www.jvp-krizevci.hr\/index.php?rest_route=\/wp\/v2\/pages\/409","targetHints":{"allow":["GET"]}}],"collection":[{"href":"https:\/\/www.jvp-krizevci.hr\/index.php?rest_route=\/wp\/v2\/pages"}],"about":[{"href":"https:\/\/www.jvp-krizevci.hr\/index.php?rest_route=\/wp\/v2\/types\/page"}],"author":[{"embeddable":true,"href":"https:\/\/www.jvp-krizevci.hr\/index.php?rest_route=\/wp\/v2\/users\/1"}],"replies":[{"embeddable":true,"href":"https:\/\/www.jvp-krizevci.hr\/index.php?rest_route=%2Fwp%2Fv2%2Fcomments&post=409"}],"version-history":[{"count":14,"href":"https:\/\/www.jvp-krizevci.hr\/index.php?rest_route=\/wp\/v2\/pages\/409\/revisions"}],"predecessor-version":[{"id":2371,"href":"https:\/\/www.jvp-krizevci.hr\/index.php?rest_route=\/wp\/v2\/pages\/409\/revisions\/2371"}],"wp:attachment":[{"href":"https:\/\/www.jvp-krizevci.hr\/index.php?rest_route=%2Fwp%2Fv2%2Fmedia&parent=409"}],"curies":[{"name":"wp","href":"https:\/\/api.w.org\/{rel}","templated":true}]}}