{"id":413,"date":"2012-11-21T14:13:53","date_gmt":"2012-11-21T14:13:53","guid":{"rendered":"http:\/\/www.jvp-krizevci.hr\/?page_id=413"},"modified":"2016-01-15T09:54:16","modified_gmt":"2016-01-15T08:54:16","slug":"dokumenti-zajednice","status":"publish","type":"page","link":"https:\/\/www.jvp-krizevci.hr\/?page_id=413","title":{"rendered":"DOKUMENTI ZAJEDNICE"},"content":{"rendered":"<p><span style=\"font-family: Tahoma,sans-serif;\"><a href=\"https:\/\/www.jvp-krizevci.hr\/wp-content\/uploads\/2012\/11\/Zakon-o-vatrogastvu-pro\u010di\u0161\u0107eni.doc\">Zakon o vatrogastvu \u2013 pro\u010di\u0161\u0107eni tekst<\/a> <\/span><br \/>\n<span style=\"font-family: Tahoma,sans-serif;\"><br \/>\n<a href=\"https:\/\/www.jvp-krizevci.hr\/wp-content\/uploads\/2012\/11\/Odluka-K\u017d1.doc\">Odluka &#8211; poslovi kontrole<\/a> <\/span><\/p>\n<p><a href=\"https:\/\/www.jvp-krizevci.hr\/wp-content\/uploads\/2013\/02\/Zapisnik-ogledni-primjerak-DVD.doc\">Zapisnik &#8211; ogledni primjerak &#8211; DVD<\/a><\/p>\n<p><a href=\"https:\/\/www.jvp-krizevci.hr\/wp-content\/uploads\/2013\/01\/Himne.mp3\">Himne<\/a><\/p>\n","protected":false},"excerpt":{"rendered":"<p>Zakon o vatrogastvu \u2013 pro\u010di\u0161\u0107eni tekst Odluka &#8211; poslovi kontrole Zapisnik &#8211; ogledni primjerak &#8211; DVD Himne<\/p>\n","protected":false},"author":1,"featured_media":0,"parent":0,"menu_order":0,"comment_status":"closed","ping_status":"closed","template":"onecolumn-page.php","meta":{"ngg_post_thumbnail":0,"footnotes":""},"class_list":["post-413","page","type-page","status-publish","hentry"],"_links":{"self":[{"href":"https:\/\/www.jvp-krizevci.hr\/index.php?rest_route=\/wp\/v2\/pages\/413","targetHints":{"allow":["GET"]}}],"collection":[{"href":"https:\/\/www.jvp-krizevci.hr\/index.php?rest_route=\/wp\/v2\/pages"}],"about":[{"href":"https:\/\/www.jvp-krizevci.hr\/index.php?rest_route=\/wp\/v2\/types\/page"}],"author":[{"embeddable":true,"href":"https:\/\/www.jvp-krizevci.hr\/index.php?rest_route=\/wp\/v2\/users\/1"}],"replies":[{"embeddable":true,"href":"https:\/\/www.jvp-krizevci.hr\/index.php?rest_route=%2Fwp%2Fv2%2Fcomments&post=413"}],"version-history":[{"count":26,"href":"https:\/\/www.jvp-krizevci.hr\/index.php?rest_route=\/wp\/v2\/pages\/413\/revisions"}],"predecessor-version":[{"id":1376,"href":"https:\/\/www.jvp-krizevci.hr\/index.php?rest_route=\/wp\/v2\/pages\/413\/revisions\/1376"}],"wp:attachment":[{"href":"https:\/\/www.jvp-krizevci.hr\/index.php?rest_route=%2Fwp%2Fv2%2Fmedia&parent=413"}],"curies":[{"name":"wp","href":"https:\/\/api.w.org\/{rel}","templated":true}]}}