{"id":838,"date":"2013-01-18T08:26:49","date_gmt":"2013-01-18T08:26:49","guid":{"rendered":"http:\/\/www.jvp-krizevci.hr\/?page_id=838"},"modified":"2023-01-16T15:17:42","modified_gmt":"2023-01-16T14:17:42","slug":"pristup-informacijama","status":"publish","type":"page","link":"https:\/\/www.jvp-krizevci.hr\/?page_id=838","title":{"rendered":"PRISTUP INFORMACIJAMA"},"content":{"rendered":"\n<p><a href=\"https:\/\/www.jvp-krizevci.hr\/wp-content\/uploads\/2023\/01\/Godisnje_izvjesce.pdf\" data-type=\"URL\" data-id=\"https:\/\/www.jvp-krizevci.hr\/wp-content\/uploads\/2023\/01\/Godisnje_izvjesce.pdf\" target=\"_blank\" rel=\"noreferrer noopener\">Godi\u0161nje izvje\u0161\u0107e ZPPI za 2022.<\/a><\/p>\n\n\n<p><a href=\"https:\/\/www.jvp-krizevci.hr\/wp-content\/uploads\/2021\/01\/Godisnje_izvjesce.pdf\">Godi\u0161nje izvje\u0161\u0107e ZPPI za 2020.<\/a><\/p>\n<p><a href=\"https:\/\/www.jvp-krizevci.hr\/wp-content\/uploads\/2015\/02\/Katalog-Informacija-JVPG-Kri\u017eevaca.pdf\">Katalog Informacija JVPG Kri\u017eevaca<\/a><\/p>\n<p><a href=\"https:\/\/www.jvp-krizevci.hr\/wp-content\/uploads\/2015\/02\/Odluka-o-odre\u0111ivanju-slu\u017ebenika-za-informiranje.pdf\">Odluka o odre\u0111ivanju slu\u017ebenika za informiranje<\/a><\/p>\n<p><a href=\"https:\/\/www.jvp-krizevci.hr\/wp-content\/uploads\/2013\/01\/Obrazac-ZAHTJEVA-ZA-PRISTUP-INFORMACIJAMA.doc\">Obrazac ZAHTJEVA ZA PRISTUP INFORMACIJAMA<\/a><\/p>\n<p><a href=\"https:\/\/www.jvp-krizevci.hr\/wp-content\/uploads\/2015\/02\/Izvje\u0161\u0107e-za-2014.-godinu.pdf\">Izvje\u0161\u0107e za 2014. godinu<\/a><\/p>\n<p><a href=\"https:\/\/www.jvp-krizevci.hr\/wp-content\/uploads\/2016\/01\/Godisnje-izvjesce-za-2015..pdf\">Godisnje izvjesce za 2015.<\/a><\/p>\n<p><a href=\"https:\/\/www.jvp-krizevci.hr\/wp-content\/uploads\/2017\/01\/Godisnje-izvje\u0161\u0107e-za-2016..pdf\">Godisnje izvje\u0161\u0107e za 2016.<\/a><\/p>\n<p><a href=\"https:\/\/www.jvp-krizevci.hr\/wp-content\/uploads\/2018\/02\/Godi\u0161nje-izvjesce-za-2017.-godinu.pdf\">Godi\u0161nje izvjesce za 2017. godinu<\/a><\/p>\n<p><a href=\"https:\/\/www.jvp-krizevci.hr\/wp-content\/uploads\/2020\/02\/Godisnje_izvjesce-1.pdf\">Godi\u0161nje izvje\u0161\u0107e za 2019. godinu<\/a><\/p>\n<p><a href=\"https:\/\/www.jvp-krizevci.hr\/wp-content\/uploads\/2020\/10\/Obrazac-FP-2021.docx\">Obrazac za prijedlog prora\u010duna<\/a><\/p>\n\n\n<div class=\"wp-block-file\"><a id=\"wp-block-file--media-a5df33b4-8885-4f4d-ab3e-9c8585454fed\" href=\"https:\/\/www.jvp-krizevci.hr\/wp-content\/uploads\/2019\/01\/Godi\u0161nje-izvje\u0161\u0107e-za-2018.-godinu.pdf\">Godi\u0161nje izvje\u0161\u0107e za 2018. godinu<\/a><a href=\"https:\/\/www.jvp-krizevci.hr\/wp-content\/uploads\/2019\/01\/Godi\u0161nje-izvje\u0161\u0107e-za-2018.-godinu.pdf\" class=\"wp-block-file__button wp-element-button\" download aria-describedby=\"wp-block-file--media-a5df33b4-8885-4f4d-ab3e-9c8585454fed\">Download<\/a><\/div>\n","protected":false},"excerpt":{"rendered":"<p>Godi\u0161nje izvje\u0161\u0107e ZPPI za 2022. Godi\u0161nje izvje\u0161\u0107e ZPPI za 2020. Katalog Informacija JVPG Kri\u017eevaca Odluka o odre\u0111ivanju slu\u017ebenika za informiranje Obrazac ZAHTJEVA ZA PRISTUP INFORMACIJAMA Izvje\u0161\u0107e za 2014. godinu Godisnje izvjesce za 2015. Godisnje izvje\u0161\u0107e za 2016. Godi\u0161nje izvjesce za &hellip; <a href=\"https:\/\/www.jvp-krizevci.hr\/?page_id=838\">Nastavi \u010ditati <span class=\"meta-nav\">&rarr;<\/span><\/a><\/p>\n","protected":false},"author":1,"featured_media":0,"parent":0,"menu_order":0,"comment_status":"closed","ping_status":"closed","template":"","meta":{"ngg_post_thumbnail":0,"footnotes":""},"class_list":["post-838","page","type-page","status-publish","hentry"],"_links":{"self":[{"href":"https:\/\/www.jvp-krizevci.hr\/index.php?rest_route=\/wp\/v2\/pages\/838","targetHints":{"allow":["GET"]}}],"collection":[{"href":"https:\/\/www.jvp-krizevci.hr\/index.php?rest_route=\/wp\/v2\/pages"}],"about":[{"href":"https:\/\/www.jvp-krizevci.hr\/index.php?rest_route=\/wp\/v2\/types\/page"}],"author":[{"embeddable":true,"href":"https:\/\/www.jvp-krizevci.hr\/index.php?rest_route=\/wp\/v2\/users\/1"}],"replies":[{"embeddable":true,"href":"https:\/\/www.jvp-krizevci.hr\/index.php?rest_route=%2Fwp%2Fv2%2Fcomments&post=838"}],"version-history":[{"count":16,"href":"https:\/\/www.jvp-krizevci.hr\/index.php?rest_route=\/wp\/v2\/pages\/838\/revisions"}],"predecessor-version":[{"id":2546,"href":"https:\/\/www.jvp-krizevci.hr\/index.php?rest_route=\/wp\/v2\/pages\/838\/revisions\/2546"}],"wp:attachment":[{"href":"https:\/\/www.jvp-krizevci.hr\/index.php?rest_route=%2Fwp%2Fv2%2Fmedia&parent=838"}],"curies":[{"name":"wp","href":"https:\/\/api.w.org\/{rel}","templated":true}]}}